{"id":243064,"date":"2025-06-25T09:05:52","date_gmt":"2025-06-25T07:05:52","guid":{"rendered":"https:\/\/tapemuzik.de\/shop\/uncategorized\/bespielte-kassetten-individuell-bedruckt-konfi\/"},"modified":"2025-07-29T13:38:16","modified_gmt":"2025-07-29T11:38:16","slug":"bespielte-kassetten-individuell-bedruckt-konfi","status":"publish","type":"product","link":"https:\/\/tapemuzik.de\/en\/shop\/hidden-en\/kassetten-konfi-en\/bespielte-kassetten-individuell-bedruckt-konfi\/","title":{"rendered":"Bespielte Kassetten individuell bedruckt KONFI"},"content":{"rendered":"<p>Customisable cassettes with single-colour printing.<br \/>Choose your case and the desired print colour from a wide range of colours. Each side can be printed with an individual motif in a single colour. When creating the layout, please note our specifications for\u00a0<a href=\"https:\/\/dev25.tapemuzik.de\/wp-content\/uploads\/2023\/03\/SpezifikationDruckKassette_SpecificationPrintCassette.pdf\">Spezificationen for 1-color tape print<\/a> and \u00a0<a href=\"https:\/\/dev25.tapemuzik.de\/wp-content\/uploads\/2023\/03\/SpezifikationUV-DruckKassette_SpecificationUV-printCassette.pdf\">color tape print<\/a>. offer an optional print data check.<\/p>\r\n<p><strong>Please note that for every order of recorded cassettes, we must have a delivery authorisation from GEMA or a corresponding collecting society abroad before production can begin. Further information on this can be found under <a href=\"https:\/\/dev25.tapemuzik.de\/produktionshinweise\/\">produktion notes<\/a>.<\/strong><\/p>\r\n<p>&nbsp;<\/p>\r\n<div>Dimensions: 10,2 cm x 6,4 cm x 1,2 cm<\/div>\r\n<div>Minimum order quantity: 50 St\u00fcck<\/div>\r\n<div>Delivery time 3-4 weeks ( from 1.000 + 1 week)<\/div>","protected":false},"excerpt":{"rendered":"<p>Customisable cassettes with single-colour printing.Choose your case and the desired print colour from a wide range of colours. Each side can be printed with an individual motif in a single colour. When creating the layout, please note our specifications for\u00a0Spezificationen for 1-color tape print and \u00a0color tape print. offer an optional print data check. Please [&hellip;]<\/p>\n","protected":false},"featured_media":235278,"template":"","meta":{"_et_pb_use_builder":"","_et_pb_old_content":"","_et_gb_content_width":""},"product_brand":[],"product_cat":[278],"product_tag":[],"class_list":{"0":"post-243064","1":"product","2":"type-product","3":"status-publish","4":"has-post-thumbnail","6":"product_cat-kassetten-konfi-en","7":"tm-has-options","9":"first","10":"instock","11":"taxable","12":"shipping-taxable","13":"purchasable","14":"product-type-composite"},"composite_virtual":false,"composite_layout":"single","composite_add_to_cart_form_location":"default","composite_editable_in_cart":false,"composite_sold_individually_context":"product","composite_shop_price_calc":"min_max","composite_components":[{"id":"1750842535","title":"Geh\u00e4use","description":"<p>Form und Farbe der Kassetten k\u00f6nnen geringf\u00fcgig von den Produktbildern abweichen.<\/p>\n","query_type":"category_ids","query_ids":[78,123],"default_option_id":"","thumbnail_id":"","thumbnail_src":"","quantity_min":1,"quantity_max":1,"priced_individually":true,"shipped_individually":false,"optional":false,"discount":"","options_style":"thumbnails","pagination_style":"classic","display_prices":"absolute","show_sorting_options":false,"show_filtering_options":false,"attribute_filter_ids":[],"select_action":"view","product_title_visible":true,"product_descr_visible":true,"product_price_visible":false,"product_thumb_visible":false,"subtotal_visible_product":true,"subtotal_visible_cart":false,"subtotal_visible_orders":false},{"id":"1750842536","title":"Tonband (Spiell\u00e4nge)","description":"","query_type":"product_ids","query_ids":[837,1315],"default_option_id":837,"thumbnail_id":"","thumbnail_src":"","quantity_min":1,"quantity_max":1,"priced_individually":true,"shipped_individually":false,"optional":false,"discount":"","options_style":"thumbnails","pagination_style":"classic","display_prices":"absolute","show_sorting_options":false,"show_filtering_options":false,"attribute_filter_ids":[],"select_action":"view","product_title_visible":false,"product_descr_visible":true,"product_price_visible":false,"product_thumb_visible":false,"subtotal_visible_product":true,"subtotal_visible_cart":false,"subtotal_visible_orders":false},{"id":"1750842940","title":"Print","description":"<p>Du kannst zwischen zwei Druckverfahren w\u00e4hlen:<\/p>\n<p>1. 1-farbiger Tampondruck. Dabei wird jede Seite separat per Hand bedruckt. Leider sind aus drucktechnischen Gr\u00fcnden nicht alle Farbkombinationen m\u00f6glich. Sollte deine gew\u00fcnschte Kombination nicht zu Auswahl stehen kontaktiere uns.<\/p>\n<p>2. 4-farbiger UV-Druck. Mit diesem Druckverfahren kann fast jedes Design vollfl\u00e4chig auf Kassetten und Boxen gedruckt werden.<\/p>\n","query_type":"category_ids","query_ids":[77,214],"default_option_id":242634,"thumbnail_id":"","thumbnail_src":"","quantity_min":1,"quantity_max":1,"priced_individually":true,"shipped_individually":false,"optional":false,"discount":"","options_style":"thumbnails","pagination_style":"classic","display_prices":"absolute","show_sorting_options":false,"show_filtering_options":false,"attribute_filter_ids":[],"select_action":"view","product_title_visible":true,"product_descr_visible":true,"product_price_visible":true,"product_thumb_visible":false,"subtotal_visible_product":true,"subtotal_visible_cart":true,"subtotal_visible_orders":true},{"id":"1750842941","title":"Bespielung und Vervielf\u00e4ltigung","description":"","query_type":"category_ids","query_ids":[79],"default_option_id":1919,"thumbnail_id":"","thumbnail_src":"","quantity_min":1,"quantity_max":1,"priced_individually":true,"shipped_individually":false,"optional":false,"discount":"","options_style":"dropdowns","pagination_style":"classic","display_prices":"absolute","show_sorting_options":false,"show_filtering_options":false,"attribute_filter_ids":[],"select_action":"view","product_title_visible":true,"product_descr_visible":true,"product_price_visible":false,"product_thumb_visible":false,"subtotal_visible_product":true,"subtotal_visible_cart":false,"subtotal_visible_orders":false},{"id":"1750842942","title":"Papierprodukte","description":"<p>ACHTUNG: K\u00f6nnen nur ab einer Mindestbestellmenge von 50 Kassettten dazubestellt werden. <\/p>\n","query_type":"category_ids","query_ids":[277],"default_option_id":242928,"thumbnail_id":"","thumbnail_src":"","quantity_min":1,"quantity_max":1,"priced_individually":true,"shipped_individually":false,"optional":false,"discount":"","options_style":"thumbnails","pagination_style":"classic","display_prices":"absolute","show_sorting_options":false,"show_filtering_options":false,"attribute_filter_ids":[],"select_action":"view","product_title_visible":true,"product_descr_visible":true,"product_price_visible":true,"product_thumb_visible":true,"subtotal_visible_product":true,"subtotal_visible_cart":true,"subtotal_visible_orders":true},{"id":"1750842943","title":"Boxen","description":"","query_type":"category_ids","query_ids":[212,273],"default_option_id":"","thumbnail_id":"","thumbnail_src":"","quantity_min":1,"quantity_max":1,"priced_individually":true,"shipped_individually":false,"optional":false,"discount":"","options_style":"thumbnails","pagination_style":"classic","display_prices":"absolute","show_sorting_options":false,"show_filtering_options":false,"attribute_filter_ids":[],"select_action":"view","product_title_visible":true,"product_descr_visible":true,"product_price_visible":true,"product_thumb_visible":true,"subtotal_visible_product":true,"subtotal_visible_cart":true,"subtotal_visible_orders":true},{"id":"1750842944","title":"Druck Boxen","description":"","query_type":"product_ids","query_ids":[230054],"default_option_id":"","thumbnail_id":"","thumbnail_src":"","quantity_min":1,"quantity_max":"","priced_individually":true,"shipped_individually":false,"optional":true,"discount":"","options_style":"thumbnails","pagination_style":"classic","display_prices":"absolute","show_sorting_options":false,"show_filtering_options":false,"attribute_filter_ids":[],"select_action":"view","product_title_visible":true,"product_descr_visible":true,"product_price_visible":true,"product_thumb_visible":true,"subtotal_visible_product":true,"subtotal_visible_cart":true,"subtotal_visible_orders":true},{"id":"1750842945","title":"Einschwei\u00dfen \/ Cellophan-Verpackung","description":"<p>Die durchsichtige 30 my dicke, 100% recyclingf\u00e4hige Cellophanfolie sch\u00fctzt die Kassetten vor Schmutzt und Kratzern beim Transport oder der Lagerung.<br \/>Dar\u00fcber hinaus sind die Kassetten durch die Cellophan-Verpackung fest versiegelt, sodass Kassette, Cover und Beilagen unber\u00fchrt bleiben.<br \/>Sie eignet sich damit ideal f\u00fcr den Einzelhandel oder Pr\u00e4sentationszwecke.<br \/>ACHTUNG: Diese Optionion gilt nur in Verbindung mit Snapboxen.<\/p>\n","query_type":"product_ids","query_ids":[126366],"default_option_id":"","thumbnail_id":"","thumbnail_src":"","quantity_min":1,"quantity_max":1,"priced_individually":true,"shipped_individually":false,"optional":true,"discount":"","options_style":"thumbnails","pagination_style":"classic","display_prices":"absolute","show_sorting_options":false,"show_filtering_options":false,"attribute_filter_ids":[],"select_action":"view","product_title_visible":true,"product_descr_visible":true,"product_price_visible":true,"product_thumb_visible":false,"subtotal_visible_product":true,"subtotal_visible_cart":true,"subtotal_visible_orders":true}],"composite_scenarios":[{"id":"1750843105","name":"ferro","description":"","configuration":[{"component_id":"1750842535","options_modifier":"not-in","component_options":[241641,230785,1907]}],"actions":[{"action_id":"compat_group","is_active":false},{"action_id":"conditional_components","is_active":false,"hidden_components":[]},{"action_id":"conditional_options","is_active":true,"hidden_options":[{"component_id":"1750842536","component_options":[1315],"options_modifier":"in"}]}],"enabled":true},{"id":"1750843106","name":"chrom","description":"","configuration":[{"component_id":"1750842535","options_modifier":"in","component_options":[241641,230785,1907]}],"actions":[{"action_id":"compat_group","is_active":false},{"action_id":"conditional_components","is_active":false,"hidden_components":[]},{"action_id":"conditional_options","is_active":true,"hidden_options":[{"component_id":"1750842536","component_options":[837],"options_modifier":"in"}]}],"enabled":true}],"supplier_id":null,"supplier_sku":"","barcode":null,"atum_controlled":true,"out_stock_date":null,"out_stock_threshold":null,"inheritable":false,"inbound_stock":null,"stock_on_hold":0,"sold_today":0,"sales_last_days":0,"reserved_stock":null,"customer_returns":null,"warehouse_damage":null,"lost_in_post":null,"other_logs":null,"out_stock_days":0,"lost_sales":0,"has_location":false,"update_date":"2026-04-30T00:57:46","atum_locations":[],"atum_stock_status":"instock","restock_status":false,"low_stock_amount":"","sales_update_date":"2026-04-30T00:57:45","calc_backorders":null,"yoast_head":"<!-- This site is optimized with the Yoast SEO plugin v27.4 - https:\/\/yoast.com\/product\/yoast-seo-wordpress\/ -->\n<title>Kassette - Bespielte Kassetten individuell bedruckt KONFI &#8211; kaufen - T.A.P.E. MUZIK<\/title>\n<meta name=\"robots\" content=\"index, follow, max-snippet:-1, max-image-preview:large, max-video-preview:-1\" \/>\n<link rel=\"canonical\" href=\"https:\/\/tapemuzik.de\/en\/shop\/hidden-en\/kassetten-konfi-en\/bespielte-kassetten-individuell-bedruckt-konfi\/\" \/>\n<meta property=\"og:locale\" content=\"en_US\" \/>\n<meta property=\"og:type\" content=\"article\" \/>\n<meta property=\"og:title\" content=\"Kassette - Bespielte Kassetten individuell bedruckt KONFI &#8211; kaufen - T.A.P.E. MUZIK\" \/>\n<meta property=\"og:description\" content=\"Customisable cassettes with single-colour printing.Choose your case and the desired print colour from a wide range of colours. Each side can be printed with an individual motif in a single colour. When creating the layout, please note our specifications for\u00a0Spezificationen for 1-color tape print and \u00a0color tape print. offer an optional print data check. Please [&hellip;]\" \/>\n<meta property=\"og:url\" content=\"https:\/\/tapemuzik.de\/en\/shop\/hidden-en\/kassetten-konfi-en\/bespielte-kassetten-individuell-bedruckt-konfi\/\" \/>\n<meta property=\"og:site_name\" content=\"T.A.P.E. MUZIK\" \/>\n<meta property=\"article:publisher\" content=\"https:\/\/www.facebook.com\/tapemuzik\/\" \/>\n<meta property=\"article:modified_time\" content=\"2025-07-29T11:38:16+00:00\" \/>\n<meta property=\"og:image\" content=\"https:\/\/tapemuzik.de\/wp-content\/uploads\/2023\/07\/quadratisch_bedruckte_leerkassette_verfielfaektigung.jpg\" \/>\n\t<meta property=\"og:image:width\" content=\"1024\" \/>\n\t<meta property=\"og:image:height\" content=\"1024\" \/>\n\t<meta property=\"og:image:type\" content=\"image\/jpeg\" \/>\n<meta name=\"twitter:card\" content=\"summary_large_image\" \/>\n<meta name=\"twitter:label1\" content=\"Est. reading time\" \/>\n\t<meta name=\"twitter:data1\" content=\"1 minute\" \/>\n<script type=\"application\/ld+json\" class=\"yoast-schema-graph\">{\"@context\":\"https:\\\/\\\/schema.org\",\"@graph\":[{\"@type\":\"WebPage\",\"@id\":\"https:\\\/\\\/tapemuzik.de\\\/en\\\/shop\\\/hidden-en\\\/kassetten-konfi-en\\\/bespielte-kassetten-individuell-bedruckt-konfi\\\/\",\"url\":\"https:\\\/\\\/tapemuzik.de\\\/en\\\/shop\\\/hidden-en\\\/kassetten-konfi-en\\\/bespielte-kassetten-individuell-bedruckt-konfi\\\/\",\"name\":\"Kassette - Bespielte Kassetten individuell bedruckt KONFI &#8211; kaufen - T.A.P.E. MUZIK\",\"isPartOf\":{\"@id\":\"https:\\\/\\\/tapemuzik.de\\\/en\\\/#website\"},\"primaryImageOfPage\":{\"@id\":\"https:\\\/\\\/tapemuzik.de\\\/en\\\/shop\\\/hidden-en\\\/kassetten-konfi-en\\\/bespielte-kassetten-individuell-bedruckt-konfi\\\/#primaryimage\"},\"image\":{\"@id\":\"https:\\\/\\\/tapemuzik.de\\\/en\\\/shop\\\/hidden-en\\\/kassetten-konfi-en\\\/bespielte-kassetten-individuell-bedruckt-konfi\\\/#primaryimage\"},\"thumbnailUrl\":\"https:\\\/\\\/tapemuzik.de\\\/wp-content\\\/uploads\\\/2023\\\/07\\\/quadratisch_bedruckte_leerkassette_verfielfaektigung.jpg\",\"datePublished\":\"2025-06-25T07:05:52+00:00\",\"dateModified\":\"2025-07-29T11:38:16+00:00\",\"breadcrumb\":{\"@id\":\"https:\\\/\\\/tapemuzik.de\\\/en\\\/shop\\\/hidden-en\\\/kassetten-konfi-en\\\/bespielte-kassetten-individuell-bedruckt-konfi\\\/#breadcrumb\"},\"inLanguage\":\"en-US\",\"potentialAction\":[{\"@type\":\"ReadAction\",\"target\":[\"https:\\\/\\\/tapemuzik.de\\\/en\\\/shop\\\/hidden-en\\\/kassetten-konfi-en\\\/bespielte-kassetten-individuell-bedruckt-konfi\\\/\"]}]},{\"@type\":\"ImageObject\",\"inLanguage\":\"en-US\",\"@id\":\"https:\\\/\\\/tapemuzik.de\\\/en\\\/shop\\\/hidden-en\\\/kassetten-konfi-en\\\/bespielte-kassetten-individuell-bedruckt-konfi\\\/#primaryimage\",\"url\":\"https:\\\/\\\/tapemuzik.de\\\/wp-content\\\/uploads\\\/2023\\\/07\\\/quadratisch_bedruckte_leerkassette_verfielfaektigung.jpg\",\"contentUrl\":\"https:\\\/\\\/tapemuzik.de\\\/wp-content\\\/uploads\\\/2023\\\/07\\\/quadratisch_bedruckte_leerkassette_verfielfaektigung.jpg\",\"width\":1024,\"height\":1024},{\"@type\":\"BreadcrumbList\",\"@id\":\"https:\\\/\\\/tapemuzik.de\\\/en\\\/shop\\\/hidden-en\\\/kassetten-konfi-en\\\/bespielte-kassetten-individuell-bedruckt-konfi\\\/#breadcrumb\",\"itemListElement\":[{\"@type\":\"ListItem\",\"position\":1,\"name\":\"Home\",\"item\":\"https:\\\/\\\/tapemuzik.de\\\/en\\\/\"},{\"@type\":\"ListItem\",\"position\":2,\"name\":\"Shop\",\"item\":\"https:\\\/\\\/tapemuzik.de\\\/en\\\/shop\\\/\"},{\"@type\":\"ListItem\",\"position\":3,\"name\":\"Bespielte Kassetten individuell bedruckt KONFI\"}]},{\"@type\":\"WebSite\",\"@id\":\"https:\\\/\\\/tapemuzik.de\\\/en\\\/#website\",\"url\":\"https:\\\/\\\/tapemuzik.de\\\/en\\\/\",\"name\":\"T.A.P.E. MUZIK\",\"description\":\"Individuelle Kassetten und Zubeh\u00f6r\",\"potentialAction\":[{\"@type\":\"SearchAction\",\"target\":{\"@type\":\"EntryPoint\",\"urlTemplate\":\"https:\\\/\\\/tapemuzik.de\\\/en\\\/?s={search_term_string}\"},\"query-input\":{\"@type\":\"PropertyValueSpecification\",\"valueRequired\":true,\"valueName\":\"search_term_string\"}}],\"inLanguage\":\"en-US\"}]}<\/script>\n<!-- \/ Yoast SEO plugin. -->","yoast_head_json":{"title":"Kassette - Bespielte Kassetten individuell bedruckt KONFI &#8211; kaufen - T.A.P.E. MUZIK","robots":{"index":"index","follow":"follow","max-snippet":"max-snippet:-1","max-image-preview":"max-image-preview:large","max-video-preview":"max-video-preview:-1"},"canonical":"https:\/\/tapemuzik.de\/en\/shop\/hidden-en\/kassetten-konfi-en\/bespielte-kassetten-individuell-bedruckt-konfi\/","og_locale":"en_US","og_type":"article","og_title":"Kassette - Bespielte Kassetten individuell bedruckt KONFI &#8211; kaufen - T.A.P.E. MUZIK","og_description":"Customisable cassettes with single-colour printing.Choose your case and the desired print colour from a wide range of colours. Each side can be printed with an individual motif in a single colour. When creating the layout, please note our specifications for\u00a0Spezificationen for 1-color tape print and \u00a0color tape print. offer an optional print data check. Please [&hellip;]","og_url":"https:\/\/tapemuzik.de\/en\/shop\/hidden-en\/kassetten-konfi-en\/bespielte-kassetten-individuell-bedruckt-konfi\/","og_site_name":"T.A.P.E. MUZIK","article_publisher":"https:\/\/www.facebook.com\/tapemuzik\/","article_modified_time":"2025-07-29T11:38:16+00:00","og_image":[{"width":1024,"height":1024,"url":"https:\/\/tapemuzik.de\/wp-content\/uploads\/2023\/07\/quadratisch_bedruckte_leerkassette_verfielfaektigung.jpg","type":"image\/jpeg"}],"twitter_card":"summary_large_image","twitter_misc":{"Est. reading time":"1 minute"},"schema":{"@context":"https:\/\/schema.org","@graph":[{"@type":"WebPage","@id":"https:\/\/tapemuzik.de\/en\/shop\/hidden-en\/kassetten-konfi-en\/bespielte-kassetten-individuell-bedruckt-konfi\/","url":"https:\/\/tapemuzik.de\/en\/shop\/hidden-en\/kassetten-konfi-en\/bespielte-kassetten-individuell-bedruckt-konfi\/","name":"Kassette - Bespielte Kassetten individuell bedruckt KONFI &#8211; kaufen - T.A.P.E. MUZIK","isPartOf":{"@id":"https:\/\/tapemuzik.de\/en\/#website"},"primaryImageOfPage":{"@id":"https:\/\/tapemuzik.de\/en\/shop\/hidden-en\/kassetten-konfi-en\/bespielte-kassetten-individuell-bedruckt-konfi\/#primaryimage"},"image":{"@id":"https:\/\/tapemuzik.de\/en\/shop\/hidden-en\/kassetten-konfi-en\/bespielte-kassetten-individuell-bedruckt-konfi\/#primaryimage"},"thumbnailUrl":"https:\/\/tapemuzik.de\/wp-content\/uploads\/2023\/07\/quadratisch_bedruckte_leerkassette_verfielfaektigung.jpg","datePublished":"2025-06-25T07:05:52+00:00","dateModified":"2025-07-29T11:38:16+00:00","breadcrumb":{"@id":"https:\/\/tapemuzik.de\/en\/shop\/hidden-en\/kassetten-konfi-en\/bespielte-kassetten-individuell-bedruckt-konfi\/#breadcrumb"},"inLanguage":"en-US","potentialAction":[{"@type":"ReadAction","target":["https:\/\/tapemuzik.de\/en\/shop\/hidden-en\/kassetten-konfi-en\/bespielte-kassetten-individuell-bedruckt-konfi\/"]}]},{"@type":"ImageObject","inLanguage":"en-US","@id":"https:\/\/tapemuzik.de\/en\/shop\/hidden-en\/kassetten-konfi-en\/bespielte-kassetten-individuell-bedruckt-konfi\/#primaryimage","url":"https:\/\/tapemuzik.de\/wp-content\/uploads\/2023\/07\/quadratisch_bedruckte_leerkassette_verfielfaektigung.jpg","contentUrl":"https:\/\/tapemuzik.de\/wp-content\/uploads\/2023\/07\/quadratisch_bedruckte_leerkassette_verfielfaektigung.jpg","width":1024,"height":1024},{"@type":"BreadcrumbList","@id":"https:\/\/tapemuzik.de\/en\/shop\/hidden-en\/kassetten-konfi-en\/bespielte-kassetten-individuell-bedruckt-konfi\/#breadcrumb","itemListElement":[{"@type":"ListItem","position":1,"name":"Home","item":"https:\/\/tapemuzik.de\/en\/"},{"@type":"ListItem","position":2,"name":"Shop","item":"https:\/\/tapemuzik.de\/en\/shop\/"},{"@type":"ListItem","position":3,"name":"Bespielte Kassetten individuell bedruckt KONFI"}]},{"@type":"WebSite","@id":"https:\/\/tapemuzik.de\/en\/#website","url":"https:\/\/tapemuzik.de\/en\/","name":"T.A.P.E. MUZIK","description":"Individuelle Kassetten und Zubeh\u00f6r","potentialAction":[{"@type":"SearchAction","target":{"@type":"EntryPoint","urlTemplate":"https:\/\/tapemuzik.de\/en\/?s={search_term_string}"},"query-input":{"@type":"PropertyValueSpecification","valueRequired":true,"valueName":"search_term_string"}}],"inLanguage":"en-US"}]}},"_links":{"self":[{"href":"https:\/\/tapemuzik.de\/en\/wp-json\/wp\/v2\/product\/243064","targetHints":{"allow":["GET"]}}],"collection":[{"href":"https:\/\/tapemuzik.de\/en\/wp-json\/wp\/v2\/product"}],"about":[{"href":"https:\/\/tapemuzik.de\/en\/wp-json\/wp\/v2\/types\/product"}],"wp:featuredmedia":[{"embeddable":true,"href":"https:\/\/tapemuzik.de\/en\/wp-json\/wp\/v2\/media\/235278"}],"wp:attachment":[{"href":"https:\/\/tapemuzik.de\/en\/wp-json\/wp\/v2\/media?parent=243064"}],"wp:term":[{"taxonomy":"product_brand","embeddable":true,"href":"https:\/\/tapemuzik.de\/en\/wp-json\/wp\/v2\/product_brand?post=243064"},{"taxonomy":"product_cat","embeddable":true,"href":"https:\/\/tapemuzik.de\/en\/wp-json\/wp\/v2\/product_cat?post=243064"},{"taxonomy":"product_tag","embeddable":true,"href":"https:\/\/tapemuzik.de\/en\/wp-json\/wp\/v2\/product_tag?post=243064"}],"curies":[{"name":"wp","href":"https:\/\/api.w.org\/{rel}","templated":true}]}}