{"id":228730,"date":"2017-07-03T13:35:26","date_gmt":"2017-07-03T11:35:26","guid":{"rendered":"https:\/\/tapemuzik.de\/shop\/uncategorized\/duplicated-cassettes-with-customized-printing\/"},"modified":"2025-07-29T13:34:09","modified_gmt":"2025-07-29T11:34:09","slug":"duplicated-cassettes-with-customized-printing","status":"publish","type":"product","link":"https:\/\/tapemuzik.de\/en\/shop\/cassettes\/duplicated-cassettes-with-customized-printing\/","title":{"rendered":"Duplicated Cassettes With Customized Printing"},"content":{"rendered":"","protected":false},"excerpt":{"rendered":"<p>Customisable cassettes with single-colour printing.<br \/>Choose your case and the desired print colour from a wide range of colours. Each side can be printed with an individual motif in one colour. When creating the layout, please note our specifications for 1-colour cassette printing and 4-colour cassette printing. We also offer an optional print data check.<\/p>\n<p>In addition to single-colour pad printing, we also offer full-surface, 4-colour UV printing.<\/p>\n<p>The tape length of the cassettes can be configured to the minute so that it is exactly the right length for your audio files.<br \/>Your personalised audio files undergo technical mastering before use and are then played onto the tape using high-quality high-speed copying machines.<br \/>We offer housings for ferro and chrome tape.<\/p>\n<p>Snapboxes and\/or covers or other products are not included and must be ordered separately.<\/p>\n<p>Please note that we must have a delivery licence from GEMA or a corresponding collecting society abroad for every order of recorded cassettes before production begins. You can find further information on this under Production information.<\/p>\n<p>Dimensions: 10.2 cm x 6.4 cm x 1.2 cm<br \/>Minimum order quantity: 50 pieces<br \/>Delivery time from 1,000 + 1 week<\/p>\n","protected":false},"featured_media":3073,"template":"","meta":{"_et_pb_use_builder":"off","_et_pb_old_content":"<div>Individuell zusammenstellbare Kassetten mit einfarbigem Druck.<\/div>\r\n<div>W\u00e4hle aus einer Vielzahl von Farben dein Geh\u00e4use und die gew\u00fcnschte Druckfarbe. Jede Seite kann mit einem individuellen Motiv einfarbig bedruckt werden. Bitte beachte beim Anlegen des Layouts unsere <a href=\"https:\/\/tapemuzik.de\/wp-content\/uploads\/2018\/09\/SpezifikationDruckKassette_SpecificationPrintCassette.pdf\">Spezifikationen f\u00fcr den Kassettenaufdruck<\/a>. Optional bieten wir auch eine Druckdaten\u00fcberpr\u00fcfung an.<\/div>\r\n<div><\/div>\r\n<div><\/div>\r\nNeben dem einfarbigen Tampondruck bieten wir auch einen vollfl\u00e4chigen, 4-farbigen UV-Druck an.\r\n<div><\/div>\r\n<div><\/div>\r\n<div>Die Tonbandl\u00e4nge der Kassetten kann minutengenau konfiguriert werden, damit es f\u00fcr deine Audio-Dateien genau die richtige L\u00e4nge hat.<\/div>\r\n<div>Deine pers\u00f6nlichen Audio-Dateien werden vor der Verwendung einem technischen Mastering unterzogen und werden anschlie\u00dfend mit hochwertigen Schnellkopiermaschinen auf das Tonband gespielt.<\/div>\r\n<div>Wie bieten Geh\u00e4use f\u00fcr Ferro- und Chromtonband an.<\/div>\r\n\u00a0\r\n<div><strong>Bitte beachte, dass uns zu jedem Auftrag bespielter Kassetten vor Produktionsbeginn eine Auslieferungsgenehmigung der GEMA oder einer entsprechenden Verwertungsgesellschaft im Ausland vorliegen muss. Weitere Informationen dazu findest du unter dem Punkt <a href=\"https:\/\/tapemuzik.de\/produktionshinweise\/\">Produktionshinweise<\/a>.<\/strong><\/div>\r\n<div><\/div>\r\n<div><\/div>\r\n<div>Ma\u00dfe: 10,2 cm x 6,4 cm x 1,2 cm<\/div>\r\n<div>Mindestbestellmenge: 50 St\u00fcck<\/div>\r\n<div>Lieferzeit: 5 Wochen<\/div>","_et_gb_content_width":""},"product_brand":[],"product_cat":[120],"product_tag":[],"class_list":{"0":"post-228730","1":"product","2":"type-product","3":"status-publish","4":"has-post-thumbnail","6":"product_cat-cassettes","7":"tm-has-options","9":"first","10":"instock","11":"taxable","12":"shipping-taxable","13":"purchasable","14":"product-type-composite"},"composite_virtual":false,"composite_layout":"single","composite_add_to_cart_form_location":"default","composite_editable_in_cart":false,"composite_sold_individually_context":"product","composite_shop_price_calc":"min_max","composite_components":[{"id":"1499088972","title":"Shell","description":"<p>The shape and colour of the cassettes may differ slightly from the product images<\/p>\n","query_type":"category_ids","query_ids":[78,123],"default_option_id":"","thumbnail_id":"","thumbnail_src":"","quantity_min":1,"quantity_max":1,"priced_individually":true,"shipped_individually":false,"optional":false,"discount":"","options_style":"thumbnails","pagination_style":"classic","display_prices":"absolute","show_sorting_options":false,"show_filtering_options":false,"attribute_filter_ids":[],"select_action":"view","product_title_visible":true,"product_descr_visible":true,"product_price_visible":false,"product_thumb_visible":false,"subtotal_visible_product":true,"subtotal_visible_cart":false,"subtotal_visible_orders":false},{"id":"1499089027","title":"Print","description":"<p>You can choose between two printing processes:<\/p>\n<p>1. 1-colour pad printing. Each side is printed separately by hand. Unfortunately, not all colour combinations are possible for technical printing reasons. If your desired combination is not available, please contact us.<\/p>\n<p>2. 4-colour UV printing. With this printing process, almost any design can be printed over the entire surface of cassettes and boxes.&lt;\/p<\/p>\n","query_type":"category_ids","query_ids":[77,214],"default_option_id":"","thumbnail_id":"","thumbnail_src":"","quantity_min":1,"quantity_max":1,"priced_individually":true,"shipped_individually":false,"optional":false,"discount":"","options_style":"thumbnails","pagination_style":"classic","display_prices":"absolute","show_sorting_options":false,"show_filtering_options":false,"attribute_filter_ids":[],"select_action":"view","product_title_visible":true,"product_descr_visible":true,"product_price_visible":false,"product_thumb_visible":false,"subtotal_visible_product":true,"subtotal_visible_cart":false,"subtotal_visible_orders":false},{"id":"1499089459","title":"Tape (playing time)","description":"","query_type":"product_ids","query_ids":[837,1315],"default_option_id":"","thumbnail_id":"","thumbnail_src":"","quantity_min":1,"quantity_max":1,"priced_individually":true,"shipped_individually":false,"optional":false,"discount":"","options_style":"thumbnails","pagination_style":"classic","display_prices":"absolute","show_sorting_options":false,"show_filtering_options":false,"attribute_filter_ids":[],"select_action":"view","product_title_visible":false,"product_descr_visible":true,"product_price_visible":false,"product_thumb_visible":false,"subtotal_visible_product":true,"subtotal_visible_cart":false,"subtotal_visible_orders":false},{"id":"1501231968","title":"Recording and duplication","description":"","query_type":"category_ids","query_ids":[79],"default_option_id":1919,"thumbnail_id":"","thumbnail_src":"","quantity_min":1,"quantity_max":1,"priced_individually":true,"shipped_individually":false,"optional":false,"discount":"","options_style":"dropdowns","pagination_style":"classic","display_prices":"absolute","show_sorting_options":false,"show_filtering_options":false,"attribute_filter_ids":[],"select_action":"view","product_title_visible":true,"product_descr_visible":true,"product_price_visible":false,"product_thumb_visible":false,"subtotal_visible_product":true,"subtotal_visible_cart":false,"subtotal_visible_orders":false},{"id":"1605792811","title":"Cellophane packaging","description":"<p>The transparent 30 my thick, 100% recyclable cellophane film protects the cassettes from dirt and scratches during transport or storage. In addition, the cassettes are firmly sealed by the cellophane packaging so that the cassette, cover and inserts remain untouched. This makes it ideal for retail or presentation purposes. ATTENTION: This option only applies in conjunction with Snapboxes.<\/p>\n","query_type":"product_ids","query_ids":[126366],"default_option_id":"","thumbnail_id":"","thumbnail_src":"","quantity_min":1,"quantity_max":"","priced_individually":true,"shipped_individually":false,"optional":true,"discount":"","options_style":"thumbnails","pagination_style":"classic","display_prices":"absolute","show_sorting_options":false,"show_filtering_options":false,"attribute_filter_ids":[],"select_action":"view","product_title_visible":true,"product_descr_visible":true,"product_price_visible":true,"product_thumb_visible":false,"subtotal_visible_product":true,"subtotal_visible_cart":false,"subtotal_visible_orders":false}],"composite_scenarios":[{"id":"1694011914","name":"ferro","description":"","configuration":[{"component_id":"1499088972","options_modifier":"not-in","component_options":[241641,230785,1907]}],"actions":[{"action_id":"compat_group","is_active":false},{"action_id":"conditional_components","is_active":false,"hidden_components":[]},{"action_id":"conditional_options","is_active":true,"hidden_options":[{"component_id":"1499089459","component_options":[1315],"options_modifier":"in"}]}],"enabled":true},{"id":"1694011915","name":"chrom","description":"","configuration":[{"component_id":"1499088972","options_modifier":"in","component_options":[241641,230785,1907]}],"actions":[{"action_id":"compat_group","is_active":false},{"action_id":"conditional_components","is_active":false,"hidden_components":[]},{"action_id":"conditional_options","is_active":true,"hidden_options":[{"component_id":"1499089459","component_options":[837],"options_modifier":"in"}]}],"enabled":true}],"supplier_id":null,"supplier_sku":"","barcode":null,"atum_controlled":false,"out_stock_date":null,"out_stock_threshold":null,"inheritable":false,"inbound_stock":null,"stock_on_hold":575,"sold_today":265,"sales_last_days":265,"reserved_stock":null,"customer_returns":null,"warehouse_damage":null,"lost_in_post":null,"other_logs":null,"out_stock_days":0,"lost_sales":0,"has_location":false,"update_date":"2026-04-08T11:53:42","atum_locations":[],"atum_stock_status":"instock","restock_status":false,"low_stock_amount":"","sales_update_date":"2026-04-08T11:53:42","calc_backorders":null,"yoast_head":"<!-- This site is optimized with the Yoast SEO plugin v27.3 - https:\/\/yoast.com\/product\/yoast-seo-wordpress\/ -->\n<title>Music cassette recorded printed Ferro various colours - buy - T.A.P.E. MUZIK<\/title>\n<meta name=\"description\" content=\"Music cassette, audio cassette various colours with Ferro magnetic tape, individual playing length (C10 - C90) incl. duplication and printing. Recorded cassettes\" \/>\n<meta name=\"robots\" content=\"index, follow, max-snippet:-1, max-image-preview:large, max-video-preview:-1\" \/>\n<link rel=\"canonical\" href=\"https:\/\/tapemuzik.de\/en\/shop\/cassettes\/duplicated-cassettes-with-customized-printing\/\" \/>\n<meta property=\"og:locale\" content=\"en_US\" \/>\n<meta property=\"og:type\" content=\"article\" \/>\n<meta property=\"og:title\" content=\"Music cassette recorded printed Ferro various colours - buy - T.A.P.E. MUZIK\" \/>\n<meta property=\"og:description\" content=\"Music cassette, audio cassette various colours with Ferro magnetic tape, individual playing length (C10 - C90) incl. duplication and printing. Recorded cassettes\" \/>\n<meta property=\"og:url\" content=\"https:\/\/tapemuzik.de\/en\/shop\/cassettes\/duplicated-cassettes-with-customized-printing\/\" \/>\n<meta property=\"og:site_name\" content=\"T.A.P.E. MUZIK\" \/>\n<meta property=\"article:publisher\" content=\"https:\/\/www.facebook.com\/tapemuzik\/\" \/>\n<meta property=\"article:modified_time\" content=\"2025-07-29T11:34:09+00:00\" \/>\n<meta property=\"og:image\" content=\"https:\/\/tapemuzik.de\/wp-content\/uploads\/2017\/07\/quadratisch_bedruckte_leerkassette_verfielfaektigung.jpg\" \/>\n\t<meta property=\"og:image:width\" content=\"1024\" \/>\n\t<meta property=\"og:image:height\" content=\"1024\" \/>\n\t<meta property=\"og:image:type\" content=\"image\/jpeg\" \/>\n<meta name=\"twitter:card\" content=\"summary_large_image\" \/>\n<meta name=\"twitter:label1\" content=\"Est. reading time\" \/>\n\t<meta name=\"twitter:data1\" content=\"2 minutes\" \/>\n<script type=\"application\/ld+json\" class=\"yoast-schema-graph\">{\"@context\":\"https:\\\/\\\/schema.org\",\"@graph\":[{\"@type\":\"WebPage\",\"@id\":\"https:\\\/\\\/tapemuzik.de\\\/en\\\/shop\\\/cassettes\\\/duplicated-cassettes-with-customized-printing\\\/\",\"url\":\"https:\\\/\\\/tapemuzik.de\\\/en\\\/shop\\\/cassettes\\\/duplicated-cassettes-with-customized-printing\\\/\",\"name\":\"Music cassette recorded printed Ferro various colours - buy - T.A.P.E. MUZIK\",\"isPartOf\":{\"@id\":\"https:\\\/\\\/tapemuzik.de\\\/en\\\/#website\"},\"primaryImageOfPage\":{\"@id\":\"https:\\\/\\\/tapemuzik.de\\\/en\\\/shop\\\/cassettes\\\/duplicated-cassettes-with-customized-printing\\\/#primaryimage\"},\"image\":{\"@id\":\"https:\\\/\\\/tapemuzik.de\\\/en\\\/shop\\\/cassettes\\\/duplicated-cassettes-with-customized-printing\\\/#primaryimage\"},\"thumbnailUrl\":\"https:\\\/\\\/tapemuzik.de\\\/wp-content\\\/uploads\\\/2017\\\/07\\\/quadratisch_bedruckte_leerkassette_verfielfaektigung.jpg\",\"datePublished\":\"2017-07-03T11:35:26+00:00\",\"dateModified\":\"2025-07-29T11:34:09+00:00\",\"description\":\"Music cassette, audio cassette various colours with Ferro magnetic tape, individual playing length (C10 - C90) incl. duplication and printing. Recorded cassettes\",\"breadcrumb\":{\"@id\":\"https:\\\/\\\/tapemuzik.de\\\/en\\\/shop\\\/cassettes\\\/duplicated-cassettes-with-customized-printing\\\/#breadcrumb\"},\"inLanguage\":\"en-US\",\"potentialAction\":[{\"@type\":\"ReadAction\",\"target\":[\"https:\\\/\\\/tapemuzik.de\\\/en\\\/shop\\\/cassettes\\\/duplicated-cassettes-with-customized-printing\\\/\"]}]},{\"@type\":\"ImageObject\",\"inLanguage\":\"en-US\",\"@id\":\"https:\\\/\\\/tapemuzik.de\\\/en\\\/shop\\\/cassettes\\\/duplicated-cassettes-with-customized-printing\\\/#primaryimage\",\"url\":\"https:\\\/\\\/tapemuzik.de\\\/wp-content\\\/uploads\\\/2017\\\/07\\\/quadratisch_bedruckte_leerkassette_verfielfaektigung.jpg\",\"contentUrl\":\"https:\\\/\\\/tapemuzik.de\\\/wp-content\\\/uploads\\\/2017\\\/07\\\/quadratisch_bedruckte_leerkassette_verfielfaektigung.jpg\",\"width\":1024,\"height\":1024},{\"@type\":\"BreadcrumbList\",\"@id\":\"https:\\\/\\\/tapemuzik.de\\\/en\\\/shop\\\/cassettes\\\/duplicated-cassettes-with-customized-printing\\\/#breadcrumb\",\"itemListElement\":[{\"@type\":\"ListItem\",\"position\":1,\"name\":\"Home\",\"item\":\"https:\\\/\\\/tapemuzik.de\\\/en\\\/\"},{\"@type\":\"ListItem\",\"position\":2,\"name\":\"Shop\",\"item\":\"https:\\\/\\\/tapemuzik.de\\\/en\\\/shop\\\/\"},{\"@type\":\"ListItem\",\"position\":3,\"name\":\"Duplicated Cassettes With Customized Printing\"}]},{\"@type\":\"WebSite\",\"@id\":\"https:\\\/\\\/tapemuzik.de\\\/en\\\/#website\",\"url\":\"https:\\\/\\\/tapemuzik.de\\\/en\\\/\",\"name\":\"T.A.P.E. MUZIK\",\"description\":\"Individuelle Kassetten und Zubeh\u00f6r\",\"potentialAction\":[{\"@type\":\"SearchAction\",\"target\":{\"@type\":\"EntryPoint\",\"urlTemplate\":\"https:\\\/\\\/tapemuzik.de\\\/en\\\/?s={search_term_string}\"},\"query-input\":{\"@type\":\"PropertyValueSpecification\",\"valueRequired\":true,\"valueName\":\"search_term_string\"}}],\"inLanguage\":\"en-US\"}]}<\/script>\n<!-- \/ Yoast SEO plugin. -->","yoast_head_json":{"title":"Music cassette recorded printed Ferro various colours - buy - T.A.P.E. MUZIK","description":"Music cassette, audio cassette various colours with Ferro magnetic tape, individual playing length (C10 - C90) incl. duplication and printing. Recorded cassettes","robots":{"index":"index","follow":"follow","max-snippet":"max-snippet:-1","max-image-preview":"max-image-preview:large","max-video-preview":"max-video-preview:-1"},"canonical":"https:\/\/tapemuzik.de\/en\/shop\/cassettes\/duplicated-cassettes-with-customized-printing\/","og_locale":"en_US","og_type":"article","og_title":"Music cassette recorded printed Ferro various colours - buy - T.A.P.E. MUZIK","og_description":"Music cassette, audio cassette various colours with Ferro magnetic tape, individual playing length (C10 - C90) incl. duplication and printing. Recorded cassettes","og_url":"https:\/\/tapemuzik.de\/en\/shop\/cassettes\/duplicated-cassettes-with-customized-printing\/","og_site_name":"T.A.P.E. MUZIK","article_publisher":"https:\/\/www.facebook.com\/tapemuzik\/","article_modified_time":"2025-07-29T11:34:09+00:00","og_image":[{"width":1024,"height":1024,"url":"https:\/\/tapemuzik.de\/wp-content\/uploads\/2017\/07\/quadratisch_bedruckte_leerkassette_verfielfaektigung.jpg","type":"image\/jpeg"}],"twitter_card":"summary_large_image","twitter_misc":{"Est. reading time":"2 minutes"},"schema":{"@context":"https:\/\/schema.org","@graph":[{"@type":"WebPage","@id":"https:\/\/tapemuzik.de\/en\/shop\/cassettes\/duplicated-cassettes-with-customized-printing\/","url":"https:\/\/tapemuzik.de\/en\/shop\/cassettes\/duplicated-cassettes-with-customized-printing\/","name":"Music cassette recorded printed Ferro various colours - buy - T.A.P.E. MUZIK","isPartOf":{"@id":"https:\/\/tapemuzik.de\/en\/#website"},"primaryImageOfPage":{"@id":"https:\/\/tapemuzik.de\/en\/shop\/cassettes\/duplicated-cassettes-with-customized-printing\/#primaryimage"},"image":{"@id":"https:\/\/tapemuzik.de\/en\/shop\/cassettes\/duplicated-cassettes-with-customized-printing\/#primaryimage"},"thumbnailUrl":"https:\/\/tapemuzik.de\/wp-content\/uploads\/2017\/07\/quadratisch_bedruckte_leerkassette_verfielfaektigung.jpg","datePublished":"2017-07-03T11:35:26+00:00","dateModified":"2025-07-29T11:34:09+00:00","description":"Music cassette, audio cassette various colours with Ferro magnetic tape, individual playing length (C10 - C90) incl. duplication and printing. Recorded cassettes","breadcrumb":{"@id":"https:\/\/tapemuzik.de\/en\/shop\/cassettes\/duplicated-cassettes-with-customized-printing\/#breadcrumb"},"inLanguage":"en-US","potentialAction":[{"@type":"ReadAction","target":["https:\/\/tapemuzik.de\/en\/shop\/cassettes\/duplicated-cassettes-with-customized-printing\/"]}]},{"@type":"ImageObject","inLanguage":"en-US","@id":"https:\/\/tapemuzik.de\/en\/shop\/cassettes\/duplicated-cassettes-with-customized-printing\/#primaryimage","url":"https:\/\/tapemuzik.de\/wp-content\/uploads\/2017\/07\/quadratisch_bedruckte_leerkassette_verfielfaektigung.jpg","contentUrl":"https:\/\/tapemuzik.de\/wp-content\/uploads\/2017\/07\/quadratisch_bedruckte_leerkassette_verfielfaektigung.jpg","width":1024,"height":1024},{"@type":"BreadcrumbList","@id":"https:\/\/tapemuzik.de\/en\/shop\/cassettes\/duplicated-cassettes-with-customized-printing\/#breadcrumb","itemListElement":[{"@type":"ListItem","position":1,"name":"Home","item":"https:\/\/tapemuzik.de\/en\/"},{"@type":"ListItem","position":2,"name":"Shop","item":"https:\/\/tapemuzik.de\/en\/shop\/"},{"@type":"ListItem","position":3,"name":"Duplicated Cassettes With Customized Printing"}]},{"@type":"WebSite","@id":"https:\/\/tapemuzik.de\/en\/#website","url":"https:\/\/tapemuzik.de\/en\/","name":"T.A.P.E. MUZIK","description":"Individuelle Kassetten und Zubeh\u00f6r","potentialAction":[{"@type":"SearchAction","target":{"@type":"EntryPoint","urlTemplate":"https:\/\/tapemuzik.de\/en\/?s={search_term_string}"},"query-input":{"@type":"PropertyValueSpecification","valueRequired":true,"valueName":"search_term_string"}}],"inLanguage":"en-US"}]}},"_links":{"self":[{"href":"https:\/\/tapemuzik.de\/en\/wp-json\/wp\/v2\/product\/228730","targetHints":{"allow":["GET"]}}],"collection":[{"href":"https:\/\/tapemuzik.de\/en\/wp-json\/wp\/v2\/product"}],"about":[{"href":"https:\/\/tapemuzik.de\/en\/wp-json\/wp\/v2\/types\/product"}],"wp:featuredmedia":[{"embeddable":true,"href":"https:\/\/tapemuzik.de\/en\/wp-json\/wp\/v2\/media\/3073"}],"wp:attachment":[{"href":"https:\/\/tapemuzik.de\/en\/wp-json\/wp\/v2\/media?parent=228730"}],"wp:term":[{"taxonomy":"product_brand","embeddable":true,"href":"https:\/\/tapemuzik.de\/en\/wp-json\/wp\/v2\/product_brand?post=228730"},{"taxonomy":"product_cat","embeddable":true,"href":"https:\/\/tapemuzik.de\/en\/wp-json\/wp\/v2\/product_cat?post=228730"},{"taxonomy":"product_tag","embeddable":true,"href":"https:\/\/tapemuzik.de\/en\/wp-json\/wp\/v2\/product_tag?post=228730"}],"curies":[{"name":"wp","href":"https:\/\/api.w.org\/{rel}","templated":true}]}}