{"id":228727,"date":"2017-07-03T14:42:46","date_gmt":"2017-07-03T12:42:46","guid":{"rendered":"https:\/\/tapemuzik.de\/shop\/uncategorized\/blank-cassettes-with-customized-printing\/"},"modified":"2025-07-29T13:33:05","modified_gmt":"2025-07-29T11:33:05","slug":"blank-cassettes-with-customized-printing","status":"publish","type":"product","link":"https:\/\/tapemuzik.de\/en\/shop\/cassettes\/blank-cassettes-with-customized-printing\/","title":{"rendered":"Blank Cassettes With Customized Printing"},"content":{"rendered":"<div>Customizable cassettes.<\/div>\r\n<div>Choose from a variety of colors your case and the desired printing color. Each side can be printed with an individual motif.<\/div>\r\n<p>&nbsp;<\/p>\r\n<div>When creating the layout, please note our <a href=\"https:\/\/tapemuzik.de\/wp-content\/uploads\/2018\/09\/SpezifikationDruckKassette_SpecificationPrintCassette.pdf\">specification for cassette with 1-colour<\/a>\u00a0and <a href=\"https:\/\/tapemuzik.de\/wp-content\/uploads\/2021\/02\/SpezifikationUV-DruckKassette_SpecificationUV-printCassette.pdf\">4-colour<\/a>. Optionally, we also offer a print data check.<\/div>\r\n<p>&nbsp;<\/p>\r\n<div>In addition to one-color pad printing, we also offer full-surface, 4-color UV printing.<\/div>\r\n<p>&nbsp;<\/p>\r\n<div>The tape length of the cassettes can be configured to the minute so that it is just th eright length for your audio files.\u00a0We offer cases for ferro and chrome tape.<\/div>\r\n<p>&nbsp;<\/p>\r\n<div>Dimensions: 10.2 cm x 6.4 cm x 1.2 cm<\/div>\r\n<div>Minimum order quantity: 50 pieces<\/div>\r\n<div>Delivery time from 1.000 pcs. + 1 week<\/div>","protected":false},"excerpt":{"rendered":"<p>Customizable cassettes. Choose from a variety of colors your case and the desired printing color. Each side can be printed with an individual motif. &nbsp; When creating the layout, please note our specification for cassette with 1-colour\u00a0and 4-colour. Optionally, we also offer a print data check. &nbsp; In addition to one-color pad printing, we also [&hellip;]<\/p>\n","protected":false},"featured_media":3077,"template":"","meta":{"_et_pb_use_builder":"off","_et_pb_old_content":"Customizable cassettes.\r\n\r\nChoose from a variety of colors your case and the desired printing color. Each side can be printed with an individual motif.\r\n\r\nWhen creating the layout, please note our <a href=\"https:\/\/tapemuzik.de\/wp-content\/uploads\/2018\/09\/SpezifikationDruckKassette_SpecificationPrintCassette.pdf\">specification for cassette with 1-colour<\/a>\u00a0and <a href=\"https:\/\/tapemuzik.de\/wp-content\/uploads\/2021\/02\/SpezifikationUV-DruckKassette_SpecificationUV-printCassette.pdf\">4-colour<\/a>. Optionally, we also offer a print data check.\r\n\r\nIn addition to one-color pad printing, we also offer full-surface, 4-color UV printing.\r\n\r\nThe tape length of the cassettes can be configured to the minute so that it is just th eright length for your audio files.\u00a0We offer cases for ferro and chrome tape.\r\n\r\nDimensions: 10.2 cm x 6.4 cm x 1.2 cm\r\n\r\nMinimum order quantity: 50 pieces\r\n\r\nDelivery time: 5 weeks","_et_gb_content_width":""},"product_brand":[],"product_cat":[120],"product_tag":[],"class_list":{"0":"post-228727","1":"product","2":"type-product","3":"status-publish","4":"has-post-thumbnail","6":"product_cat-cassettes","7":"tm-has-options","9":"first","10":"instock","11":"taxable","12":"shipping-taxable","13":"purchasable","14":"product-type-composite"},"composite_virtual":false,"composite_layout":"single","composite_add_to_cart_form_location":"default","composite_editable_in_cart":false,"composite_sold_individually_context":"product","composite_shop_price_calc":"min_max","composite_components":[{"id":"1499088972","title":"Geh\u00e4use","description":"<p>Form und Farbe der Kassetten k\u00f6nnen geringf\u00fcgig von den Produktbildern abweichen.<\/p>\n","query_type":"category_ids","query_ids":[78,123],"default_option_id":"","thumbnail_id":"","thumbnail_src":"","quantity_min":1,"quantity_max":1,"priced_individually":true,"shipped_individually":false,"optional":false,"discount":"","options_style":"thumbnails","pagination_style":"classic","display_prices":"absolute","show_sorting_options":false,"show_filtering_options":false,"attribute_filter_ids":[],"select_action":"view","product_title_visible":true,"product_descr_visible":true,"product_price_visible":false,"product_thumb_visible":false,"subtotal_visible_product":true,"subtotal_visible_cart":false,"subtotal_visible_orders":false},{"id":"1499089027","title":"Druck","description":"<p>Du kannst zwischen zwei Druckverfahren w\u00e4hlen:<br \/>1. 1-farbiger Tampondruck. Dabei wird jede Seite separat per Hand bedruckt. Leider sind aus drucktechnischen Gr\u00fcnden nicht alle Farbkombinationen m\u00f6glich. Sollte deine gew\u00fcnschte Kombination nicht zu Auswahl stehen kontaktiere uns.<br \/>2. 4-farbiger UV-Druck. Mit diesem Druckverfahren kann fast jedes Design vollfl\u00e4chig auf Kassetten und Boxen gedruckt werden.<\/p>\n","query_type":"category_ids","query_ids":[77,214],"default_option_id":"","thumbnail_id":"","thumbnail_src":"","quantity_min":1,"quantity_max":1,"priced_individually":true,"shipped_individually":false,"optional":false,"discount":"","options_style":"thumbnails","pagination_style":"classic","display_prices":"absolute","show_sorting_options":false,"show_filtering_options":false,"attribute_filter_ids":[],"select_action":"view","product_title_visible":true,"product_descr_visible":true,"product_price_visible":false,"product_thumb_visible":false,"subtotal_visible_product":true,"subtotal_visible_cart":false,"subtotal_visible_orders":false},{"id":"1499089459","title":"Tonband (Spiell\u00e4nge)","description":"","query_type":"product_ids","query_ids":[837,1315],"default_option_id":"","thumbnail_id":"","thumbnail_src":"","quantity_min":1,"quantity_max":1,"priced_individually":true,"shipped_individually":false,"optional":false,"discount":"","options_style":"thumbnails","pagination_style":"classic","display_prices":"absolute","show_sorting_options":false,"show_filtering_options":false,"attribute_filter_ids":[],"select_action":"view","product_title_visible":false,"product_descr_visible":true,"product_price_visible":false,"product_thumb_visible":false,"subtotal_visible_product":true,"subtotal_visible_cart":false,"subtotal_visible_orders":false}],"composite_scenarios":[{"id":"1692109621","name":"Chrom","description":"","configuration":[{"component_id":"1499088972","options_modifier":"in","component_options":[241641,230785,1907]}],"actions":[{"action_id":"compat_group","is_active":false},{"action_id":"conditional_components","is_active":false,"hidden_components":[]},{"action_id":"conditional_options","is_active":true,"hidden_options":[{"component_id":"1499089459","component_options":[837],"options_modifier":"in"}]}],"enabled":true},{"id":"1692109622","name":"Ferro","description":"","configuration":[{"component_id":"1499088972","options_modifier":"not-in","component_options":[241641,230785,1907]}],"actions":[{"action_id":"compat_group","is_active":false},{"action_id":"conditional_components","is_active":false,"hidden_components":[]},{"action_id":"conditional_options","is_active":true,"hidden_options":[{"component_id":"1499089459","component_options":[1315],"options_modifier":"in"}]}],"enabled":true}],"supplier_id":null,"supplier_sku":"","barcode":null,"atum_controlled":false,"out_stock_date":null,"out_stock_threshold":null,"inheritable":false,"inbound_stock":null,"stock_on_hold":0,"sold_today":0,"sales_last_days":0,"reserved_stock":null,"customer_returns":null,"warehouse_damage":null,"lost_in_post":null,"other_logs":null,"out_stock_days":0,"lost_sales":0,"has_location":false,"update_date":"2026-04-06T00:37:09","atum_locations":[],"atum_stock_status":"instock","restock_status":false,"low_stock_amount":"","sales_update_date":"2026-04-06T00:37:09","calc_backorders":null,"yoast_head":"<!-- This site is optimized with the Yoast SEO plugin v27.2 - https:\/\/yoast.com\/product\/yoast-seo-wordpress\/ -->\n<title>Blank Cassettes Chrom &amp; Ferro different colors and print - buy - T.A.P.E. MUZIK<\/title>\n<meta name=\"description\" content=\"Blank cassettes in different colors with ferro or chrome magnetic tape with custom tape lenghts (C10 - C90) for own recordning.\" \/>\n<meta name=\"robots\" content=\"index, follow, max-snippet:-1, max-image-preview:large, max-video-preview:-1\" \/>\n<link rel=\"canonical\" href=\"https:\/\/tapemuzik.de\/en\/shop\/cassettes\/blank-cassettes-with-customized-printing\/\" \/>\n<meta property=\"og:locale\" content=\"en_US\" \/>\n<meta property=\"og:type\" content=\"article\" \/>\n<meta property=\"og:title\" content=\"Blank Cassettes Chrom &amp; Ferro different colors and print - buy - T.A.P.E. MUZIK\" \/>\n<meta property=\"og:description\" content=\"Blank cassettes in different colors with ferro or chrome magnetic tape with custom tape lenghts (C10 - C90) for own recordning.\" \/>\n<meta property=\"og:url\" content=\"https:\/\/tapemuzik.de\/en\/shop\/cassettes\/blank-cassettes-with-customized-printing\/\" \/>\n<meta property=\"og:site_name\" content=\"T.A.P.E. MUZIK\" \/>\n<meta property=\"article:publisher\" content=\"https:\/\/www.facebook.com\/tapemuzik\/\" \/>\n<meta property=\"article:modified_time\" content=\"2025-07-29T11:33:05+00:00\" \/>\n<meta property=\"og:image\" content=\"https:\/\/tapemuzik.de\/wp-content\/uploads\/2017\/07\/quadratisch_bedruckte_leerkassette.jpg\" \/>\n\t<meta property=\"og:image:width\" content=\"1024\" \/>\n\t<meta property=\"og:image:height\" content=\"1024\" \/>\n\t<meta property=\"og:image:type\" content=\"image\/jpeg\" \/>\n<meta name=\"twitter:card\" content=\"summary_large_image\" \/>\n<meta name=\"twitter:label1\" content=\"Est. reading time\" \/>\n\t<meta name=\"twitter:data1\" content=\"1 minute\" \/>\n<script type=\"application\/ld+json\" class=\"yoast-schema-graph\">{\"@context\":\"https:\/\/schema.org\",\"@graph\":[{\"@type\":\"WebPage\",\"@id\":\"https:\/\/tapemuzik.de\/en\/shop\/cassettes\/blank-cassettes-with-customized-printing\/\",\"url\":\"https:\/\/tapemuzik.de\/en\/shop\/cassettes\/blank-cassettes-with-customized-printing\/\",\"name\":\"Blank Cassettes Chrom & Ferro different colors and print - buy - T.A.P.E. MUZIK\",\"isPartOf\":{\"@id\":\"https:\/\/tapemuzik.de\/en\/#website\"},\"primaryImageOfPage\":{\"@id\":\"https:\/\/tapemuzik.de\/en\/shop\/cassettes\/blank-cassettes-with-customized-printing\/#primaryimage\"},\"image\":{\"@id\":\"https:\/\/tapemuzik.de\/en\/shop\/cassettes\/blank-cassettes-with-customized-printing\/#primaryimage\"},\"thumbnailUrl\":\"https:\/\/tapemuzik.de\/wp-content\/uploads\/2017\/07\/quadratisch_bedruckte_leerkassette.jpg\",\"datePublished\":\"2017-07-03T12:42:46+00:00\",\"dateModified\":\"2025-07-29T11:33:05+00:00\",\"description\":\"Blank cassettes in different colors with ferro or chrome magnetic tape with custom tape lenghts (C10 - C90) for own recordning.\",\"breadcrumb\":{\"@id\":\"https:\/\/tapemuzik.de\/en\/shop\/cassettes\/blank-cassettes-with-customized-printing\/#breadcrumb\"},\"inLanguage\":\"en-US\",\"potentialAction\":[{\"@type\":\"ReadAction\",\"target\":[\"https:\/\/tapemuzik.de\/en\/shop\/cassettes\/blank-cassettes-with-customized-printing\/\"]}]},{\"@type\":\"ImageObject\",\"inLanguage\":\"en-US\",\"@id\":\"https:\/\/tapemuzik.de\/en\/shop\/cassettes\/blank-cassettes-with-customized-printing\/#primaryimage\",\"url\":\"https:\/\/tapemuzik.de\/wp-content\/uploads\/2017\/07\/quadratisch_bedruckte_leerkassette.jpg\",\"contentUrl\":\"https:\/\/tapemuzik.de\/wp-content\/uploads\/2017\/07\/quadratisch_bedruckte_leerkassette.jpg\",\"width\":1024,\"height\":1024},{\"@type\":\"BreadcrumbList\",\"@id\":\"https:\/\/tapemuzik.de\/en\/shop\/cassettes\/blank-cassettes-with-customized-printing\/#breadcrumb\",\"itemListElement\":[{\"@type\":\"ListItem\",\"position\":1,\"name\":\"Home\",\"item\":\"https:\/\/tapemuzik.de\/en\/\"},{\"@type\":\"ListItem\",\"position\":2,\"name\":\"Shop\",\"item\":\"https:\/\/tapemuzik.de\/en\/shop\/\"},{\"@type\":\"ListItem\",\"position\":3,\"name\":\"Blank Cassettes With Customized Printing\"}]},{\"@type\":\"WebSite\",\"@id\":\"https:\/\/tapemuzik.de\/en\/#website\",\"url\":\"https:\/\/tapemuzik.de\/en\/\",\"name\":\"T.A.P.E. MUZIK\",\"description\":\"Individuelle Kassetten und Zubeh\u00f6r\",\"potentialAction\":[{\"@type\":\"SearchAction\",\"target\":{\"@type\":\"EntryPoint\",\"urlTemplate\":\"https:\/\/tapemuzik.de\/en\/?s={search_term_string}\"},\"query-input\":{\"@type\":\"PropertyValueSpecification\",\"valueRequired\":true,\"valueName\":\"search_term_string\"}}],\"inLanguage\":\"en-US\"}]}<\/script>\n<!-- \/ Yoast SEO plugin. -->","yoast_head_json":{"title":"Blank Cassettes Chrom & Ferro different colors and print - buy - T.A.P.E. MUZIK","description":"Blank cassettes in different colors with ferro or chrome magnetic tape with custom tape lenghts (C10 - C90) for own recordning.","robots":{"index":"index","follow":"follow","max-snippet":"max-snippet:-1","max-image-preview":"max-image-preview:large","max-video-preview":"max-video-preview:-1"},"canonical":"https:\/\/tapemuzik.de\/en\/shop\/cassettes\/blank-cassettes-with-customized-printing\/","og_locale":"en_US","og_type":"article","og_title":"Blank Cassettes Chrom & Ferro different colors and print - buy - T.A.P.E. MUZIK","og_description":"Blank cassettes in different colors with ferro or chrome magnetic tape with custom tape lenghts (C10 - C90) for own recordning.","og_url":"https:\/\/tapemuzik.de\/en\/shop\/cassettes\/blank-cassettes-with-customized-printing\/","og_site_name":"T.A.P.E. MUZIK","article_publisher":"https:\/\/www.facebook.com\/tapemuzik\/","article_modified_time":"2025-07-29T11:33:05+00:00","og_image":[{"width":1024,"height":1024,"url":"https:\/\/tapemuzik.de\/wp-content\/uploads\/2017\/07\/quadratisch_bedruckte_leerkassette.jpg","type":"image\/jpeg"}],"twitter_card":"summary_large_image","twitter_misc":{"Est. reading time":"1 minute"},"schema":{"@context":"https:\/\/schema.org","@graph":[{"@type":"WebPage","@id":"https:\/\/tapemuzik.de\/en\/shop\/cassettes\/blank-cassettes-with-customized-printing\/","url":"https:\/\/tapemuzik.de\/en\/shop\/cassettes\/blank-cassettes-with-customized-printing\/","name":"Blank Cassettes Chrom & Ferro different colors and print - buy - T.A.P.E. MUZIK","isPartOf":{"@id":"https:\/\/tapemuzik.de\/en\/#website"},"primaryImageOfPage":{"@id":"https:\/\/tapemuzik.de\/en\/shop\/cassettes\/blank-cassettes-with-customized-printing\/#primaryimage"},"image":{"@id":"https:\/\/tapemuzik.de\/en\/shop\/cassettes\/blank-cassettes-with-customized-printing\/#primaryimage"},"thumbnailUrl":"https:\/\/tapemuzik.de\/wp-content\/uploads\/2017\/07\/quadratisch_bedruckte_leerkassette.jpg","datePublished":"2017-07-03T12:42:46+00:00","dateModified":"2025-07-29T11:33:05+00:00","description":"Blank cassettes in different colors with ferro or chrome magnetic tape with custom tape lenghts (C10 - C90) for own recordning.","breadcrumb":{"@id":"https:\/\/tapemuzik.de\/en\/shop\/cassettes\/blank-cassettes-with-customized-printing\/#breadcrumb"},"inLanguage":"en-US","potentialAction":[{"@type":"ReadAction","target":["https:\/\/tapemuzik.de\/en\/shop\/cassettes\/blank-cassettes-with-customized-printing\/"]}]},{"@type":"ImageObject","inLanguage":"en-US","@id":"https:\/\/tapemuzik.de\/en\/shop\/cassettes\/blank-cassettes-with-customized-printing\/#primaryimage","url":"https:\/\/tapemuzik.de\/wp-content\/uploads\/2017\/07\/quadratisch_bedruckte_leerkassette.jpg","contentUrl":"https:\/\/tapemuzik.de\/wp-content\/uploads\/2017\/07\/quadratisch_bedruckte_leerkassette.jpg","width":1024,"height":1024},{"@type":"BreadcrumbList","@id":"https:\/\/tapemuzik.de\/en\/shop\/cassettes\/blank-cassettes-with-customized-printing\/#breadcrumb","itemListElement":[{"@type":"ListItem","position":1,"name":"Home","item":"https:\/\/tapemuzik.de\/en\/"},{"@type":"ListItem","position":2,"name":"Shop","item":"https:\/\/tapemuzik.de\/en\/shop\/"},{"@type":"ListItem","position":3,"name":"Blank Cassettes With Customized Printing"}]},{"@type":"WebSite","@id":"https:\/\/tapemuzik.de\/en\/#website","url":"https:\/\/tapemuzik.de\/en\/","name":"T.A.P.E. MUZIK","description":"Individuelle Kassetten und Zubeh\u00f6r","potentialAction":[{"@type":"SearchAction","target":{"@type":"EntryPoint","urlTemplate":"https:\/\/tapemuzik.de\/en\/?s={search_term_string}"},"query-input":{"@type":"PropertyValueSpecification","valueRequired":true,"valueName":"search_term_string"}}],"inLanguage":"en-US"}]}},"_links":{"self":[{"href":"https:\/\/tapemuzik.de\/en\/wp-json\/wp\/v2\/product\/228727","targetHints":{"allow":["GET"]}}],"collection":[{"href":"https:\/\/tapemuzik.de\/en\/wp-json\/wp\/v2\/product"}],"about":[{"href":"https:\/\/tapemuzik.de\/en\/wp-json\/wp\/v2\/types\/product"}],"wp:featuredmedia":[{"embeddable":true,"href":"https:\/\/tapemuzik.de\/en\/wp-json\/wp\/v2\/media\/3077"}],"wp:attachment":[{"href":"https:\/\/tapemuzik.de\/en\/wp-json\/wp\/v2\/media?parent=228727"}],"wp:term":[{"taxonomy":"product_brand","embeddable":true,"href":"https:\/\/tapemuzik.de\/en\/wp-json\/wp\/v2\/product_brand?post=228727"},{"taxonomy":"product_cat","embeddable":true,"href":"https:\/\/tapemuzik.de\/en\/wp-json\/wp\/v2\/product_cat?post=228727"},{"taxonomy":"product_tag","embeddable":true,"href":"https:\/\/tapemuzik.de\/en\/wp-json\/wp\/v2\/product_tag?post=228727"}],"curies":[{"name":"wp","href":"https:\/\/api.w.org\/{rel}","templated":true}]}}