{"id":1769,"date":"2017-07-12T14:19:44","date_gmt":"2017-07-12T12:19:44","guid":{"rendered":"https:\/\/tapemuzik.de\/notice-of-cancellation\/"},"modified":"2019-06-19T14:43:39","modified_gmt":"2019-06-19T12:43:39","slug":"notice-of-cancellation","status":"publish","type":"page","link":"https:\/\/tapemuzik.de\/en\/notice-of-cancellation\/","title":{"rendered":"Notice of cancellation"},"content":{"rendered":"[et_pb_section fb_built=&#8221;1&#8243; admin_label=&#8221;section&#8221; _builder_version=&#8221;3.22.3&#8243;][et_pb_row admin_label=&#8221;row&#8221; _builder_version=&#8221;3.22.3&#8243; background_size=&#8221;initial&#8221; background_position=&#8221;top_left&#8221; background_repeat=&#8221;repeat&#8221;][et_pb_column type=&#8221;4_4&#8243; _builder_version=&#8221;3.0.47&#8243;][et_pb_text admin_label=&#8221;Text&#8221; _builder_version=&#8221;3.22.4&#8243; background_size=&#8221;initial&#8221; background_position=&#8221;top_left&#8221; background_repeat=&#8221;repeat&#8221; border_style=&#8221;solid&#8221;]<h1><strong>No<b class=\"b1\">ti<\/b><b class=\"b2\">ce of<\/b><b class=\"b3\"> cancellation<\/b><\/strong><\/h1>\n<p>&nbsp;<\/p>\n<p><span id=\"result_box\" class=\"\" lang=\"en\" tabindex=\"-1\">You may revoke your declaration of the contract in writing (eg letter, fax, e-mail) within 14 days without giving reasons or &#8211; if the goods are delivered to you before the deadline &#8211; by returning the goods. <span class=\"\">The period begins upon receipt of this instruction in text form but not before receipt of the goods by the consignee (in the case of the recurring delivery of similar goods not before receipt of the first partial delivery) and also not before fulfillment of our information requirements pursuant to Article 246 \u00a7 2 in conjunction with \u00a7 1 para<\/span> <span class=\"\">(1) and (2) of the German Civil Code as well as our obligations pursuant to \u00a7 312g (1) sentence 1 BGB in conjunction with Article 246 (3) of the German Civil Code.<\/span> <span class=\"\">The timely dispatch of the revocation or of the goods is sufficient to ensure the revocation period.<\/span> The revocation must be sent to:<\/span><\/p>\n<p><em>T.A.P.E. MUZIK<\/em><\/p>\n<p><em>Brandenburger Str. 30<\/em><\/p>\n<p><em>04347 Leipzig<\/em><\/p>\n<div><em>E-mail: <a href=\"mailto:info@tapemuzik.de\">info@tapemuzik.de<\/a><\/em><\/div>\n<p>&nbsp;<\/p>\n<p><strong><b class=\"b3\">Consequences<\/b><b class=\"b2\"> of cancellation<\/b><\/strong><\/p>\n<p><span id=\"result_box\" class=\"\" lang=\"en\" tabindex=\"-1\"><span title=\"Im Falle eines wirksamen Widerrufs sind die beiderseits empfangenen Leistungen zur\u00fcckzugew\u00e4hren und ggf. gezogene Nutzungen (z.B. Zinsen) herauszugeben.\">In the case of an effective revocation, the services received at both ends must be returned and any benefits (eg interest) drawn. <\/span><span title=\"K\u00f6nnen Sie uns die empfangene Leistung sowie Nutzungen (z.B. Gebrauchsvorteile) nicht oder teilweise nicht oder nur in verschlechtertem Zustand zur\u00fcckgew\u00e4hren beziehungsweise herausgeben, m\u00fcssen Sie uns insoweit Wertersatz leisten.\">If you can not or do not return or receive the received performance as well as usages (e.g., advantages of use) or only in a deteriorated condition, you must provide us with this information. <\/span><span title=\"F\u00fcr die Verschlechterung der Sache und f\u00fcr gezogene Nutzungen m\u00fcssen Sie Wertersatz nur leisten, soweit die Nutzungen oder die Verschlechterung auf einen Umgang mit der Sache zur\u00fcckzuf\u00fchren ist, der \u00fcber die Pr\u00fcfung der Eigenschaften und der Funktionsweise hinausgeht.\">For the deterioration of the goods and for drawn uses, you must only pay the value of the goods, as far as the use or the deterioration is due to a handling of the thing, which goes beyond the examination of the characteristics and the function. <\/span><span title=\"Unter \u201ePr\u00fcfung der Eigenschaften und der Funktionsweise\u201c versteht man das Testen und Ausprobieren der Ware, wie es etwa im Ladengesch\u00e4ft m\u00f6glich und \u00fcblich ist.\">&#8220;Testing the characteristics and the mode of operation&#8221; means testing and testing the goods, as is possible and customary in the store business. <\/span><span title=\"Paketversandf\u00e4hige Sachen sind auf unsere Gefahr zur\u00fcckzusenden.\">Transportable items are to be returned at our risk. <\/span><span title=\"Sie haben die regelm\u00e4\u00dfigen Kosten der R\u00fccksendung zu tragen, wenn die gelieferte Ware der bestellten entspricht und wenn der Preis der zur\u00fcckzusendenden Sache einen Betrag von 40 Euro nicht \u00fcbersteigt oder wenn Sie bei einem h\u00f6heren Preis der Sache zum Zeitpunkt des Widerrufs noch nicht die Gegenleistung oder eine\">You must pay the regular cost of the return if the delivered product corresponds to the ordered and if the price of the returned item does not exceed an amount of 40 Euro or if you at a higher price of the thing at the time of the revocation not yet the consideration or a <\/span><span title=\"vertraglich vereinbarte Teilzahlung erbracht haben.\">Contractually agreed partial payment. <\/span><span title=\"Anderenfalls ist die R\u00fccksendung f\u00fcr Sie kostenfrei.\">Otherwise, the return is free for you. <\/span><span title=\"Nicht paketversandf\u00e4hige Sachen werden bei Ihnen abgeholt.\">Non-package items will be collected from you. <\/span><span title=\"Verpflichtungen zur Erstattung von Zahlungen m\u00fcssen innerhalb von 30 Tagen erf\u00fcllt werden.\">Obligations to reimburse payments must be met within 30 days. <\/span><span title=\"Die Frist beginnt f\u00fcr Sie mit der Absendung Ihrer Widerrufserkl\u00e4rung oder der Sache, f\u00fcr uns mit deren Empfang.\">The period begins for you with the sending of your declaration of revocation or the thing, for us with their receipt.<\/span><\/span><\/p>\n<p>&nbsp;<\/p>\n<p><strong>end of notice of cancellation<br \/> <\/strong><\/p>\n<p><span id=\"result_box\" class=\"\" lang=\"en\" tabindex=\"-1\"><span class=\"\">The right of revocation does not exist in contracts for the delivery of goods, which are made according to customer specifications or are clearly tailored to the personal requirements.<\/span><\/span><\/p>\n[\/et_pb_text][\/et_pb_column][\/et_pb_row][\/et_pb_section]","protected":false},"excerpt":{"rendered":"<p>Notice of cancellation &nbsp; You may revoke your declaration of the contract in writing (eg letter, fax, e-mail) within 14 days without giving reasons or &#8211; if the goods are delivered to you before the deadline &#8211; by returning the goods. The period begins upon receipt of this instruction in text form but not before [&hellip;]<\/p>\n","protected":false},"author":2,"featured_media":0,"parent":0,"menu_order":0,"comment_status":"closed","ping_status":"closed","template":"","meta":{"_et_pb_use_builder":"on","_et_pb_old_content":"<strong>Widerrufsbelehrung<\/strong>\r\n\r\nSie k\u00f6nnen Ihre Vertragserkl\u00e4rung innerhalb von 14 Tagen ohne Angabe von Gr\u00fcnden in Textform (z.B. Brief, Fax, E-Mail) oder \u2013 wenn Ihnen die Sache vor Fristablauf \u00fcberlassen wird \u2013 auch durch R\u00fccksendung der Sache widerrufen. Die Frist beginnt nach Erhalt dieser Belehrung in Textform, jedoch nicht vor Eingang der Ware beim Empf\u00e4nger (bei der wiederkehrenden Lieferung gleichartiger Waren nicht vor Eingang der ersten Teillieferung) und auch nicht vor Erf\u00fcllung unserer Informationspflichten gem\u00e4\u00df Artikel 246 \u00a7 2 in Verbindung mit \u00a7 1 Abs. 1 und 2 EGBGB sowie unserer Pflichten gem\u00e4\u00df \u00a7 312g Abs. 1 Satz 1 BGB in Verbindung mit Artikel 246 \u00a7 3 EGBGB. Zur Wahrung der Widerrufsfrist gen\u00fcgt die rechtzeitige Absendung des Widerrufs oder der Sache. Der Widerruf ist zu richten an:\r\n\r\nAUDIO SERVICE\r\nMenkestra\u00dfe 20\r\n04155 Leipzig\r\nE-Mail: info@audio-service.biz\r\n\r\n\u00a0\r\n\r\n<strong>Widerrufsfolgen:<\/strong>\r\n\r\nIm Falle eines wirksamen Widerrufs sind die beiderseits empfangenen Leistungen zur\u00fcckzugew\u00e4hren und ggf. gezogene Nutzungen (z.B. Zinsen) herauszugeben. K\u00f6nnen Sie uns die empfangene Leistung sowie Nutzungen (z.B. Gebrauchsvorteile) nicht oder teilweise nicht oder nur in verschlechtertem Zustand zur\u00fcckgew\u00e4hren beziehungsweise herausgeben, m\u00fcssen Sie uns insoweit Wertersatz leisten. F\u00fcr die Verschlechterung der Sache und f\u00fcr gezogene Nutzungen m\u00fcssen Sie Wertersatz nur leisten, soweit die Nutzungen oder die Verschlechterung auf einen Umgang mit der Sache zur\u00fcckzuf\u00fchren ist, der \u00fcber die Pr\u00fcfung der Eigenschaften und der Funktionsweise hinausgeht. Unter \u201ePr\u00fcfung der Eigenschaften und der Funktionsweise\u201c versteht man das Testen und Ausprobieren der Ware, wie es etwa im Ladengesch\u00e4ft m\u00f6glich und \u00fcblich ist. Paketversandf\u00e4hige Sachen sind auf unsere Gefahr zur\u00fcckzusenden. Sie haben die regelm\u00e4\u00dfigen Kosten der R\u00fccksendung zu tragen, wenn die gelieferte Ware der bestellten entspricht und wenn der Preis der zur\u00fcckzusendenden Sache einen Betrag von 40 Euro nicht \u00fcbersteigt oder wenn Sie bei einem h\u00f6heren Preis der Sache zum Zeitpunkt des Widerrufs noch nicht die Gegenleistung oder eine vertraglich vereinbarte Teilzahlung erbracht haben. Anderenfalls ist die R\u00fccksendung f\u00fcr Sie kostenfrei. Nicht paketversandf\u00e4hige Sachen werden bei Ihnen abgeholt. Verpflichtungen zur Erstattung von Zahlungen m\u00fcssen innerhalb von 30 Tagen erf\u00fcllt werden. Die Frist beginnt f\u00fcr Sie mit der Absendung Ihrer Widerrufserkl\u00e4rung oder der Sache, f\u00fcr uns mit deren Empfang.\r\n\r\n\u00a0\r\n\r\n<strong>Ende der Widerrufsbelehrung<\/strong>\r\n\r\nDas Widerrufsrecht besteht nicht bei Vertr\u00e4gen zur Lieferung von Waren, die nach Kundenspezifikationen angefertigt werden oder eindeutig auf die pers\u00f6nlichen Bed\u00fcrfnisse zugeschnitten sind.","_et_gb_content_width":"","footnotes":""},"class_list":["post-1769","page","type-page","status-publish","hentry"],"yoast_head":"<!-- This site is optimized with the Yoast SEO plugin v27.4 - https:\/\/yoast.com\/product\/yoast-seo-wordpress\/ -->\n<title>T.A.P.E. MUZIK - Shop - Notice of cancellation<\/title>\n<meta name=\"description\" content=\"Official revocation instruction from T.A.P.E. MUZIK to all orders in the shop.\" \/>\n<meta name=\"robots\" content=\"index, follow, max-snippet:-1, max-image-preview:large, max-video-preview:-1\" \/>\n<link rel=\"canonical\" href=\"https:\/\/tapemuzik.de\/en\/notice-of-cancellation\/\" \/>\n<meta property=\"og:locale\" content=\"en_US\" \/>\n<meta property=\"og:type\" content=\"article\" \/>\n<meta property=\"og:title\" content=\"T.A.P.E. MUZIK - Shop - Notice of cancellation\" \/>\n<meta property=\"og:description\" content=\"Official revocation instruction from T.A.P.E. MUZIK to all orders in the shop.\" \/>\n<meta property=\"og:url\" content=\"https:\/\/tapemuzik.de\/en\/notice-of-cancellation\/\" \/>\n<meta property=\"og:site_name\" content=\"T.A.P.E. MUZIK\" \/>\n<meta property=\"article:publisher\" content=\"https:\/\/www.facebook.com\/tapemuzik\/\" \/>\n<meta property=\"article:modified_time\" content=\"2019-06-19T12:43:39+00:00\" \/>\n<meta name=\"twitter:card\" content=\"summary_large_image\" \/>\n<meta name=\"twitter:label1\" content=\"Est. reading time\" \/>\n\t<meta name=\"twitter:data1\" content=\"2 minutes\" \/>\n<script type=\"application\/ld+json\" class=\"yoast-schema-graph\">{\"@context\":\"https:\\\/\\\/schema.org\",\"@graph\":[{\"@type\":\"WebPage\",\"@id\":\"https:\\\/\\\/tapemuzik.de\\\/en\\\/notice-of-cancellation\\\/\",\"url\":\"https:\\\/\\\/tapemuzik.de\\\/en\\\/notice-of-cancellation\\\/\",\"name\":\"T.A.P.E. MUZIK - Shop - Notice of cancellation\",\"isPartOf\":{\"@id\":\"https:\\\/\\\/tapemuzik.de\\\/en\\\/#website\"},\"datePublished\":\"2017-07-12T12:19:44+00:00\",\"dateModified\":\"2019-06-19T12:43:39+00:00\",\"description\":\"Official revocation instruction from T.A.P.E. MUZIK to all orders in the shop.\",\"breadcrumb\":{\"@id\":\"https:\\\/\\\/tapemuzik.de\\\/en\\\/notice-of-cancellation\\\/#breadcrumb\"},\"inLanguage\":\"en-US\",\"potentialAction\":[{\"@type\":\"ReadAction\",\"target\":[\"https:\\\/\\\/tapemuzik.de\\\/en\\\/notice-of-cancellation\\\/\"]}]},{\"@type\":\"BreadcrumbList\",\"@id\":\"https:\\\/\\\/tapemuzik.de\\\/en\\\/notice-of-cancellation\\\/#breadcrumb\",\"itemListElement\":[{\"@type\":\"ListItem\",\"position\":1,\"name\":\"Home\",\"item\":\"https:\\\/\\\/tapemuzik.de\\\/en\\\/\"},{\"@type\":\"ListItem\",\"position\":2,\"name\":\"Notice of cancellation\"}]},{\"@type\":\"WebSite\",\"@id\":\"https:\\\/\\\/tapemuzik.de\\\/en\\\/#website\",\"url\":\"https:\\\/\\\/tapemuzik.de\\\/en\\\/\",\"name\":\"T.A.P.E. MUZIK\",\"description\":\"Individuelle Kassetten und Zubeh\u00f6r\",\"potentialAction\":[{\"@type\":\"SearchAction\",\"target\":{\"@type\":\"EntryPoint\",\"urlTemplate\":\"https:\\\/\\\/tapemuzik.de\\\/en\\\/?s={search_term_string}\"},\"query-input\":{\"@type\":\"PropertyValueSpecification\",\"valueRequired\":true,\"valueName\":\"search_term_string\"}}],\"inLanguage\":\"en-US\"}]}<\/script>\n<!-- \/ Yoast SEO plugin. -->","yoast_head_json":{"title":"T.A.P.E. MUZIK - Shop - Notice of cancellation","description":"Official revocation instruction from T.A.P.E. MUZIK to all orders in the shop.","robots":{"index":"index","follow":"follow","max-snippet":"max-snippet:-1","max-image-preview":"max-image-preview:large","max-video-preview":"max-video-preview:-1"},"canonical":"https:\/\/tapemuzik.de\/en\/notice-of-cancellation\/","og_locale":"en_US","og_type":"article","og_title":"T.A.P.E. MUZIK - Shop - Notice of cancellation","og_description":"Official revocation instruction from T.A.P.E. MUZIK to all orders in the shop.","og_url":"https:\/\/tapemuzik.de\/en\/notice-of-cancellation\/","og_site_name":"T.A.P.E. MUZIK","article_publisher":"https:\/\/www.facebook.com\/tapemuzik\/","article_modified_time":"2019-06-19T12:43:39+00:00","twitter_card":"summary_large_image","twitter_misc":{"Est. reading time":"2 minutes"},"schema":{"@context":"https:\/\/schema.org","@graph":[{"@type":"WebPage","@id":"https:\/\/tapemuzik.de\/en\/notice-of-cancellation\/","url":"https:\/\/tapemuzik.de\/en\/notice-of-cancellation\/","name":"T.A.P.E. MUZIK - Shop - Notice of cancellation","isPartOf":{"@id":"https:\/\/tapemuzik.de\/en\/#website"},"datePublished":"2017-07-12T12:19:44+00:00","dateModified":"2019-06-19T12:43:39+00:00","description":"Official revocation instruction from T.A.P.E. MUZIK to all orders in the shop.","breadcrumb":{"@id":"https:\/\/tapemuzik.de\/en\/notice-of-cancellation\/#breadcrumb"},"inLanguage":"en-US","potentialAction":[{"@type":"ReadAction","target":["https:\/\/tapemuzik.de\/en\/notice-of-cancellation\/"]}]},{"@type":"BreadcrumbList","@id":"https:\/\/tapemuzik.de\/en\/notice-of-cancellation\/#breadcrumb","itemListElement":[{"@type":"ListItem","position":1,"name":"Home","item":"https:\/\/tapemuzik.de\/en\/"},{"@type":"ListItem","position":2,"name":"Notice of cancellation"}]},{"@type":"WebSite","@id":"https:\/\/tapemuzik.de\/en\/#website","url":"https:\/\/tapemuzik.de\/en\/","name":"T.A.P.E. MUZIK","description":"Individuelle Kassetten und Zubeh\u00f6r","potentialAction":[{"@type":"SearchAction","target":{"@type":"EntryPoint","urlTemplate":"https:\/\/tapemuzik.de\/en\/?s={search_term_string}"},"query-input":{"@type":"PropertyValueSpecification","valueRequired":true,"valueName":"search_term_string"}}],"inLanguage":"en-US"}]}},"_links":{"self":[{"href":"https:\/\/tapemuzik.de\/en\/wp-json\/wp\/v2\/pages\/1769","targetHints":{"allow":["GET"]}}],"collection":[{"href":"https:\/\/tapemuzik.de\/en\/wp-json\/wp\/v2\/pages"}],"about":[{"href":"https:\/\/tapemuzik.de\/en\/wp-json\/wp\/v2\/types\/page"}],"author":[{"embeddable":true,"href":"https:\/\/tapemuzik.de\/en\/wp-json\/wp\/v2\/users\/2"}],"replies":[{"embeddable":true,"href":"https:\/\/tapemuzik.de\/en\/wp-json\/wp\/v2\/comments?post=1769"}],"version-history":[{"count":0,"href":"https:\/\/tapemuzik.de\/en\/wp-json\/wp\/v2\/pages\/1769\/revisions"}],"wp:attachment":[{"href":"https:\/\/tapemuzik.de\/en\/wp-json\/wp\/v2\/media?parent=1769"}],"curies":[{"name":"wp","href":"https:\/\/api.w.org\/{rel}","templated":true}]}}