{"id":1687,"date":"2017-07-12T11:26:56","date_gmt":"2017-07-12T09:26:56","guid":{"rendered":"https:\/\/tapemuzik.de\/thank-you-page\/"},"modified":"2017-08-29T12:31:31","modified_gmt":"2017-08-29T10:31:31","slug":"thank-you-page","status":"publish","type":"page","link":"https:\/\/tapemuzik.de\/en\/thank-you-page\/","title":{"rendered":"Thank you page"},"content":{"rendered":"[et_pb_section bb_built=&#8221;1&#8243; background_color=&#8221;#ebeaec&#8221; _builder_version=&#8221;3.0.65&#8243; custom_padding=&#8221;0px|0px|54px|0px&#8221;][et_pb_row make_fullwidth=&#8221;on&#8221; use_custom_gutter=&#8221;on&#8221; gutter_width=&#8221;2&#8243; custom_padding=&#8221;0px|0px|0px|0px&#8221; make_equal=&#8221;on&#8221; _builder_version=&#8221;3.0.65&#8243;][et_pb_column type=&#8221;1_3&#8243;][\/et_pb_column][et_pb_column type=&#8221;1_3&#8243;][et_pb_image src=&#8221;https:\/\/tapemuzik.de\/wp-content\/uploads\/2017\/08\/happy-tape-grey-bg.jpg&#8221; _builder_version=&#8221;3.0.65&#8243; \/][\/et_pb_column][et_pb_column type=&#8221;1_3&#8243;][\/et_pb_column][\/et_pb_row][et_pb_row _builder_version=&#8221;3.0.65&#8243; custom_padding=&#8221;0px|0px|27px|0px&#8221;][et_pb_column type=&#8221;1_2&#8243;][et_pb_blurb title=&#8221;Danke&#8221; image=&#8221;https:\/\/tapemuzik.de\/wp-content\/uploads\/2017\/08\/flag_de_gross.gif&#8221; _builder_version=&#8221;3.0.65&#8243; icon_placement=&#8221;left&#8221; header_font_size=&#8221;26px&#8221; custom_css_blurb_image=&#8221;width: 80px&#8221; body_font_size=&#8221;18px&#8221;]Wir haben Deine Bestellung erhalten[\/et_pb_blurb][et_pb_divider show_divider=&#8221;on&#8221; divider_style=&#8221;solid&#8221; divider_position=&#8221;top&#8221; _builder_version=&#8221;3.0.65&#8243; \/][et_pb_text _builder_version=&#8221;3.0.65&#8243;]<h2>Wie geht es jetzt weiter?<\/h2>\r\nUnter <a href=\"https:\/\/tapemuzik.de\/my-account\/?lang=en\">Meine Bestellungen<\/a> kannst du ab jetzt die <strong>Daten<\/strong> zu deiner Bestellung (Audiodaten, Druckdaten, GEMA-Freistellung usw.) <strong>hochladen<\/strong>.\r\n\r\nBitte beachte unsere\u00a0<a href=\"https:\/\/tapemuzik.de\/data-delivery\/?lang=en\">Spezifikationen<\/a>\u00a0f\u00fcr die Anlieferung von Daten.\r\n\r\nIn deinem E-Mail-Postfach findest du au\u00dferdem eine Best\u00e4tigungs-E-Mail zu deiner Bestellung. In dieser E-Mail findest du noch einmal den Link, der dich zum Upload-Bereich auf unserer Website f\u00fchrt.\r\n\r\nAlternativ erreicht du diese Seite auch \u00fcber\u00a0<em>\u201eMein Konto\u201c \u2013&gt; \u201eBestellungen\u201c \u2013&gt; \u201eDaten hochladen\u201c.<\/em>\r\n\r\n<span id=\"result_box\" class=\"\" lang=\"en\"><span class=\"\">\u00a0<\/span><\/span>[\/et_pb_text][et_pb_button button_url=&#8221;https:\/\/tapemuzik.de\/my-account\/orders\/?lang=en&#8221; button_text=&#8221;Upload data&#8221; _builder_version=&#8221;3.0.51&#8243; background_color=&#8221;#7EBEC5&#8243; \/][\/et_pb_column][et_pb_column type=&#8221;1_2&#8243;][et_pb_blurb title=&#8221;Thank you!&#8221; image=&#8221;https:\/\/tapemuzik.de\/wp-content\/uploads\/2017\/08\/flag_uk.gif&#8221; _builder_version=&#8221;3.0.65&#8243; icon_placement=&#8221;left&#8221; header_font_size=&#8221;26px&#8221; custom_css_blurb_image=&#8221;width: 80px&#8221; body_font_size=&#8221;18px&#8221;]We have received your order,[\/et_pb_blurb][et_pb_divider show_divider=&#8221;on&#8221; divider_style=&#8221;solid&#8221; divider_position=&#8221;top&#8221; _builder_version=&#8221;3.0.65&#8243; \/][et_pb_text _builder_version=&#8221;3.0.65&#8243;]<h2>What&#8217;s next?<\/h2>\r\nUnder <a href=\"https:\/\/tapemuzik.de\/my-account\/?lang=en\">My orders<\/a> you can now <strong>upload<\/strong> the <strong>data<\/strong> to your order (audio data, print data, GEMA documents, etc.).\r\nPlease note our <a href=\"https:\/\/tapemuzik.de\/data-delivery\/?lang=en\">specifications <\/a>for the delivery of data.\r\n\r\nYou will also see a confirmation e-mail for your order in your e-mail account. In this e-mail, you will find the link to the upload area on our website. Alternatively, you can also access this page via &#8220;My Account&#8221; -&gt; &#8220;Orders&#8221; -&gt; &#8220;Upload Data&#8221;.[\/et_pb_text][et_pb_button button_url=&#8221;https:\/\/tapemuzik.de\/my-account\/orders\/?lang=en&#8221; button_text=&#8221;Start uploading&#8221; _builder_version=&#8221;3.0.65&#8243; background_color=&#8221;#7EBEC5&#8243; \/][\/et_pb_column][\/et_pb_row][\/et_pb_section]","protected":false},"excerpt":{"rendered":"<p>Wir haben Deine Bestellung erhaltenWie geht es jetzt weiter? Unter Meine Bestellungen kannst du ab jetzt die Daten zu deiner Bestellung (Audiodaten, Druckdaten, GEMA-Freistellung usw.) hochladen. Bitte beachte unsere\u00a0Spezifikationen\u00a0f\u00fcr die Anlieferung von Daten. In deinem E-Mail-Postfach findest du au\u00dferdem eine Best\u00e4tigungs-E-Mail zu deiner Bestellung. In dieser E-Mail findest du noch einmal den Link, der dich [&hellip;]<\/p>\n","protected":false},"author":2,"featured_media":0,"parent":0,"menu_order":0,"comment_status":"closed","ping_status":"closed","template":"","meta":{"_et_pb_use_builder":"on","_et_pb_old_content":"<p>das hier ist die Dankeseite<\/p>","_et_gb_content_width":"","footnotes":""},"class_list":["post-1687","page","type-page","status-publish","hentry"],"yoast_head":"<!-- This site is optimized with the Yoast SEO plugin v27.4 - https:\/\/yoast.com\/product\/yoast-seo-wordpress\/ -->\n<title>T.A.P.E. MUZIK - Shop - Thank you, order confirmation<\/title>\n<meta name=\"description\" content=\"Order confirmation and data upload for customized cassettes, in many colors, printed or unprinted, with pre-recorded ferro- or chrome-tape and duplication.\" \/>\n<meta name=\"robots\" content=\"index, follow, max-snippet:-1, max-image-preview:large, max-video-preview:-1\" \/>\n<link rel=\"canonical\" href=\"https:\/\/tapemuzik.de\/en\/thank-you-page\/\" \/>\n<meta property=\"og:locale\" content=\"en_US\" \/>\n<meta property=\"og:type\" content=\"article\" \/>\n<meta property=\"og:title\" content=\"T.A.P.E. MUZIK - Shop - Thank you, order confirmation\" \/>\n<meta property=\"og:description\" content=\"Order confirmation and data upload for customized cassettes, in many colors, printed or unprinted, with pre-recorded ferro- or chrome-tape and duplication.\" \/>\n<meta property=\"og:url\" content=\"https:\/\/tapemuzik.de\/en\/thank-you-page\/\" \/>\n<meta property=\"og:site_name\" content=\"T.A.P.E. MUZIK\" \/>\n<meta property=\"article:publisher\" content=\"https:\/\/www.facebook.com\/tapemuzik\/\" \/>\n<meta property=\"article:modified_time\" content=\"2017-08-29T10:31:31+00:00\" \/>\n<meta name=\"twitter:card\" content=\"summary_large_image\" \/>\n<meta name=\"twitter:label1\" content=\"Est. reading time\" \/>\n\t<meta name=\"twitter:data1\" content=\"2 minutes\" \/>\n<script type=\"application\/ld+json\" class=\"yoast-schema-graph\">{\"@context\":\"https:\\\/\\\/schema.org\",\"@graph\":[{\"@type\":\"WebPage\",\"@id\":\"https:\\\/\\\/tapemuzik.de\\\/en\\\/thank-you-page\\\/\",\"url\":\"https:\\\/\\\/tapemuzik.de\\\/en\\\/thank-you-page\\\/\",\"name\":\"T.A.P.E. MUZIK - Shop - Thank you, order confirmation\",\"isPartOf\":{\"@id\":\"https:\\\/\\\/tapemuzik.de\\\/en\\\/#website\"},\"datePublished\":\"2017-07-12T09:26:56+00:00\",\"dateModified\":\"2017-08-29T10:31:31+00:00\",\"description\":\"Order confirmation and data upload for customized cassettes, in many colors, printed or unprinted, with pre-recorded ferro- or chrome-tape and duplication.\",\"breadcrumb\":{\"@id\":\"https:\\\/\\\/tapemuzik.de\\\/en\\\/thank-you-page\\\/#breadcrumb\"},\"inLanguage\":\"en-US\",\"potentialAction\":[{\"@type\":\"ReadAction\",\"target\":[\"https:\\\/\\\/tapemuzik.de\\\/en\\\/thank-you-page\\\/\"]}]},{\"@type\":\"BreadcrumbList\",\"@id\":\"https:\\\/\\\/tapemuzik.de\\\/en\\\/thank-you-page\\\/#breadcrumb\",\"itemListElement\":[{\"@type\":\"ListItem\",\"position\":1,\"name\":\"Home\",\"item\":\"https:\\\/\\\/tapemuzik.de\\\/en\\\/\"},{\"@type\":\"ListItem\",\"position\":2,\"name\":\"Thank you page\"}]},{\"@type\":\"WebSite\",\"@id\":\"https:\\\/\\\/tapemuzik.de\\\/en\\\/#website\",\"url\":\"https:\\\/\\\/tapemuzik.de\\\/en\\\/\",\"name\":\"T.A.P.E. MUZIK\",\"description\":\"Individuelle Kassetten und Zubeh\u00f6r\",\"potentialAction\":[{\"@type\":\"SearchAction\",\"target\":{\"@type\":\"EntryPoint\",\"urlTemplate\":\"https:\\\/\\\/tapemuzik.de\\\/en\\\/?s={search_term_string}\"},\"query-input\":{\"@type\":\"PropertyValueSpecification\",\"valueRequired\":true,\"valueName\":\"search_term_string\"}}],\"inLanguage\":\"en-US\"}]}<\/script>\n<!-- \/ Yoast SEO plugin. -->","yoast_head_json":{"title":"T.A.P.E. MUZIK - Shop - Thank you, order confirmation","description":"Order confirmation and data upload for customized cassettes, in many colors, printed or unprinted, with pre-recorded ferro- or chrome-tape and duplication.","robots":{"index":"index","follow":"follow","max-snippet":"max-snippet:-1","max-image-preview":"max-image-preview:large","max-video-preview":"max-video-preview:-1"},"canonical":"https:\/\/tapemuzik.de\/en\/thank-you-page\/","og_locale":"en_US","og_type":"article","og_title":"T.A.P.E. MUZIK - Shop - Thank you, order confirmation","og_description":"Order confirmation and data upload for customized cassettes, in many colors, printed or unprinted, with pre-recorded ferro- or chrome-tape and duplication.","og_url":"https:\/\/tapemuzik.de\/en\/thank-you-page\/","og_site_name":"T.A.P.E. MUZIK","article_publisher":"https:\/\/www.facebook.com\/tapemuzik\/","article_modified_time":"2017-08-29T10:31:31+00:00","twitter_card":"summary_large_image","twitter_misc":{"Est. reading time":"2 minutes"},"schema":{"@context":"https:\/\/schema.org","@graph":[{"@type":"WebPage","@id":"https:\/\/tapemuzik.de\/en\/thank-you-page\/","url":"https:\/\/tapemuzik.de\/en\/thank-you-page\/","name":"T.A.P.E. MUZIK - Shop - Thank you, order confirmation","isPartOf":{"@id":"https:\/\/tapemuzik.de\/en\/#website"},"datePublished":"2017-07-12T09:26:56+00:00","dateModified":"2017-08-29T10:31:31+00:00","description":"Order confirmation and data upload for customized cassettes, in many colors, printed or unprinted, with pre-recorded ferro- or chrome-tape and duplication.","breadcrumb":{"@id":"https:\/\/tapemuzik.de\/en\/thank-you-page\/#breadcrumb"},"inLanguage":"en-US","potentialAction":[{"@type":"ReadAction","target":["https:\/\/tapemuzik.de\/en\/thank-you-page\/"]}]},{"@type":"BreadcrumbList","@id":"https:\/\/tapemuzik.de\/en\/thank-you-page\/#breadcrumb","itemListElement":[{"@type":"ListItem","position":1,"name":"Home","item":"https:\/\/tapemuzik.de\/en\/"},{"@type":"ListItem","position":2,"name":"Thank you page"}]},{"@type":"WebSite","@id":"https:\/\/tapemuzik.de\/en\/#website","url":"https:\/\/tapemuzik.de\/en\/","name":"T.A.P.E. MUZIK","description":"Individuelle Kassetten und Zubeh\u00f6r","potentialAction":[{"@type":"SearchAction","target":{"@type":"EntryPoint","urlTemplate":"https:\/\/tapemuzik.de\/en\/?s={search_term_string}"},"query-input":{"@type":"PropertyValueSpecification","valueRequired":true,"valueName":"search_term_string"}}],"inLanguage":"en-US"}]}},"_links":{"self":[{"href":"https:\/\/tapemuzik.de\/en\/wp-json\/wp\/v2\/pages\/1687","targetHints":{"allow":["GET"]}}],"collection":[{"href":"https:\/\/tapemuzik.de\/en\/wp-json\/wp\/v2\/pages"}],"about":[{"href":"https:\/\/tapemuzik.de\/en\/wp-json\/wp\/v2\/types\/page"}],"author":[{"embeddable":true,"href":"https:\/\/tapemuzik.de\/en\/wp-json\/wp\/v2\/users\/2"}],"replies":[{"embeddable":true,"href":"https:\/\/tapemuzik.de\/en\/wp-json\/wp\/v2\/comments?post=1687"}],"version-history":[{"count":0,"href":"https:\/\/tapemuzik.de\/en\/wp-json\/wp\/v2\/pages\/1687\/revisions"}],"wp:attachment":[{"href":"https:\/\/tapemuzik.de\/en\/wp-json\/wp\/v2\/media?parent=1687"}],"curies":[{"name":"wp","href":"https:\/\/api.w.org\/{rel}","templated":true}]}}